{"id":6850,"date":"2020-08-19T10:18:07","date_gmt":"2020-08-19T14:18:07","guid":{"rendered":"https:\/\/www.regalosgourmet.cl\/cl\/?post_type=product&#038;p=6850"},"modified":"2025-07-17T14:06:30","modified_gmt":"2025-07-17T17:06:30","slug":"picoteo-a-la-segura","status":"publish","type":"product","link":"https:\/\/www.regalosgourmet.cl\/cl\/regalos\/picoteo-a-la-segura\/","title":{"rendered":"Picoteo a la segura"},"content":{"rendered":"","protected":false},"excerpt":{"rendered":"<p><strong>Este regalo incluye:<\/strong><\/p>\n<ul>\n<li>Vino Reserva Aliwen Cab. Sauv.\/Syrah 750ml Vi\u00f1a Undurraga<\/li>\n<li>Queso Frances Brie o Camembert Ile de France larga vida 100grs.<\/li>\n<li>Jam\u00f3n Serrano Espa\u00f1ol corte especial tapas 80grs.Los Astures.<\/li>\n<li>Galletas horneadas Pita 120grs Bocanboca<\/li>\n<li>Pesto de pimiento piquillo con almendras, Perfect Choice.<\/li>\n<li>Chips artesanales Variedad 135grs. Tika<\/li>\n<li>Aceitunas rellenas piment\u00f3n Doy Pack Nucete<\/li>\n<li>Pate Foie Grass 78grs. Henaff<\/li>\n<\/ul>\n<p><b>Presentaci\u00f3n<\/b><strong>:<\/strong><\/p>\n<ul>\n<li>Caja de cart\u00f3n forrado color negro con cinta de g\u00e9nero en color a elecci\u00f3n.<\/li>\n<\/ul>\n<p><strong>Condiciones:<\/strong><\/p>\n<ul>\n<li>Compra m\u00ednima: 30 unidades.<\/li>\n<\/ul>\n","protected":false},"featured_media":8643,"template":"","meta":{"_joinchat":[]},"product_brand":[],"product_cat":[123],"product_tag":[129,144],"class_list":{"0":"post-6850","1":"product","2":"type-product","3":"status-publish","4":"has-post-thumbnail","6":"product_cat-picoteo","7":"product_tag-regalos-de-cumpleanos","8":"product_tag-regalos-fiestas-patrias","10":"first","11":"instock","12":"taxable","13":"shipping-taxable","14":"purchasable","15":"product-type-simple"},"_links":{"self":[{"href":"https:\/\/www.regalosgourmet.cl\/cl\/wp-json\/wp\/v2\/product\/6850","targetHints":{"allow":["GET"]}}],"collection":[{"href":"https:\/\/www.regalosgourmet.cl\/cl\/wp-json\/wp\/v2\/product"}],"about":[{"href":"https:\/\/www.regalosgourmet.cl\/cl\/wp-json\/wp\/v2\/types\/product"}],"wp:featuredmedia":[{"embeddable":true,"href":"https:\/\/www.regalosgourmet.cl\/cl\/wp-json\/wp\/v2\/media\/8643"}],"wp:attachment":[{"href":"https:\/\/www.regalosgourmet.cl\/cl\/wp-json\/wp\/v2\/media?parent=6850"}],"wp:term":[{"taxonomy":"product_brand","embeddable":true,"href":"https:\/\/www.regalosgourmet.cl\/cl\/wp-json\/wp\/v2\/product_brand?post=6850"},{"taxonomy":"product_cat","embeddable":true,"href":"https:\/\/www.regalosgourmet.cl\/cl\/wp-json\/wp\/v2\/product_cat?post=6850"},{"taxonomy":"product_tag","embeddable":true,"href":"https:\/\/www.regalosgourmet.cl\/cl\/wp-json\/wp\/v2\/product_tag?post=6850"}],"curies":[{"name":"wp","href":"https:\/\/api.w.org\/{rel}","templated":true}]}}