{"id":6837,"date":"2020-08-18T22:39:12","date_gmt":"2020-08-19T02:39:12","guid":{"rendered":"https:\/\/www.regalosgourmet.cl\/cl\/?post_type=product&#038;p=6837"},"modified":"2025-07-17T14:07:04","modified_gmt":"2025-07-17T17:07:04","slug":"mejor-de-a-dos","status":"publish","type":"product","link":"https:\/\/www.regalosgourmet.cl\/cl\/regalos\/mejor-de-a-dos\/","title":{"rendered":"Kit Cocinero Premium + Morand\u00e9"},"content":{"rendered":"","protected":false},"excerpt":{"rendered":"<p><strong>Este regalo incluye:<\/strong><\/p>\n<ul>\n<li>Gran Reserva Carmenere, 750ml. Vi\u00f1a Morande. (Es posible elegir alternativas de otras vi\u00f1as)<\/li>\n<li>Mortero de piedra de cantera fabricado a mano por Artesanos del sur de Chile.<\/li>\n<li>Pechera de cuero correa ajustable y amarras a la cintura<\/li>\n<li>Tabla de madera Nativa tratada 30 cm x 24 cm 1,5 cm de alto aprox.<\/li>\n<li>Descorchador el\u00e9ctrico pilas marca RCA o similar con accesorio corta capsulas (o similar, de acuerdo al stock disponible).<\/li>\n<li><strong>Presentaci\u00f3n<\/strong>: Caja de cart\u00f3n forrado color negro con cinta de g\u00e9nero en color a elecci\u00f3n.<\/li>\n<\/ul>\n","protected":false},"featured_media":8566,"template":"","meta":{"_joinchat":[]},"product_brand":[],"product_cat":[62,92],"product_tag":[144],"class_list":{"0":"post-6837","1":"product","2":"type-product","3":"status-publish","4":"has-post-thumbnail","6":"product_cat-catalogo-accesorios-y-gourmet","7":"product_cat-parrilleros","8":"product_tag-regalos-fiestas-patrias","10":"first","11":"instock","12":"taxable","13":"shipping-taxable","14":"purchasable","15":"product-type-simple"},"_links":{"self":[{"href":"https:\/\/www.regalosgourmet.cl\/cl\/wp-json\/wp\/v2\/product\/6837","targetHints":{"allow":["GET"]}}],"collection":[{"href":"https:\/\/www.regalosgourmet.cl\/cl\/wp-json\/wp\/v2\/product"}],"about":[{"href":"https:\/\/www.regalosgourmet.cl\/cl\/wp-json\/wp\/v2\/types\/product"}],"wp:featuredmedia":[{"embeddable":true,"href":"https:\/\/www.regalosgourmet.cl\/cl\/wp-json\/wp\/v2\/media\/8566"}],"wp:attachment":[{"href":"https:\/\/www.regalosgourmet.cl\/cl\/wp-json\/wp\/v2\/media?parent=6837"}],"wp:term":[{"taxonomy":"product_brand","embeddable":true,"href":"https:\/\/www.regalosgourmet.cl\/cl\/wp-json\/wp\/v2\/product_brand?post=6837"},{"taxonomy":"product_cat","embeddable":true,"href":"https:\/\/www.regalosgourmet.cl\/cl\/wp-json\/wp\/v2\/product_cat?post=6837"},{"taxonomy":"product_tag","embeddable":true,"href":"https:\/\/www.regalosgourmet.cl\/cl\/wp-json\/wp\/v2\/product_tag?post=6837"}],"curies":[{"name":"wp","href":"https:\/\/api.w.org\/{rel}","templated":true}]}}