{"id":6836,"date":"2020-08-18T22:33:04","date_gmt":"2020-08-19T01:33:04","guid":{"rendered":"https:\/\/www.regalosgourmet.cl\/cl\/?post_type=product&#038;p=6836"},"modified":"2024-11-14T13:22:21","modified_gmt":"2024-11-14T16:22:21","slug":"gallinitas-brut","status":"publish","type":"product","link":"https:\/\/www.regalosgourmet.cl\/cl\/regalos\/gallinitas-brut\/","title":{"rendered":"Gallinitas Brut"},"content":{"rendered":"","protected":false},"excerpt":{"rendered":"<p><strong>Este regalo incluye:<\/strong><\/p>\n<ul>\n<li>Espumante Brut 750ml Vi\u00f1a Undurraga<\/li>\n<li>Queso Frances Brie o Camembert Ile de France larga vida 100grs.<\/li>\n<li>Jam\u00f3n Serrano Espa\u00f1ol corte especial tapas 80grs.Los Astures.<\/li>\n<li>Pate franc\u00e9s Henaff variedad 100grs.<\/li>\n<li>Bruschetta de Alcachofas 280grs. Perfect Choice<\/li>\n<li>Galletas Semillas de zapallo &amp; Cranberries 130g<\/li>\n<li>Caja Petite Poule Gallinita de chocolate Belga rellena con dulce de lecha 6u 72grs Moulie<\/li>\n<li>Chips artesanales Variedad 135grs. Tika<\/li>\n<li>Aceitunas rellenas Nucete<\/li>\n<\/ul>\n<p><strong>Presentaci\u00f3n:<\/strong><\/p>\n<ul>\n<li>Caja de cart\u00f3n forrado color negro con cinta de g\u00e9nero en color a elecci\u00f3n.<\/li>\n<\/ul>\n<p><strong>Condiciones:<\/strong><\/p>\n<ul>\n<li>Pedido m\u00ednimo de 20 unidades.<\/li>\n<li>Entrega en 4-6 d\u00edas h\u00e1biles.<\/li>\n<li>Valor no incluye despacho.<\/li>\n<\/ul>\n","protected":false},"featured_media":8642,"template":"","meta":{"_joinchat":[]},"product_brand":[],"product_cat":[123],"product_tag":[157,158],"class_list":{"0":"post-6836","1":"product","2":"type-product","3":"status-publish","4":"has-post-thumbnail","6":"product_cat-picoteo","7":"product_tag-fiestas-fin-de-ano","8":"product_tag-fin-de-ano-2022","10":"first","11":"instock","12":"taxable","13":"shipping-taxable","14":"purchasable","15":"product-type-simple"},"_links":{"self":[{"href":"https:\/\/www.regalosgourmet.cl\/cl\/wp-json\/wp\/v2\/product\/6836","targetHints":{"allow":["GET"]}}],"collection":[{"href":"https:\/\/www.regalosgourmet.cl\/cl\/wp-json\/wp\/v2\/product"}],"about":[{"href":"https:\/\/www.regalosgourmet.cl\/cl\/wp-json\/wp\/v2\/types\/product"}],"wp:featuredmedia":[{"embeddable":true,"href":"https:\/\/www.regalosgourmet.cl\/cl\/wp-json\/wp\/v2\/media\/8642"}],"wp:attachment":[{"href":"https:\/\/www.regalosgourmet.cl\/cl\/wp-json\/wp\/v2\/media?parent=6836"}],"wp:term":[{"taxonomy":"product_brand","embeddable":true,"href":"https:\/\/www.regalosgourmet.cl\/cl\/wp-json\/wp\/v2\/product_brand?post=6836"},{"taxonomy":"product_cat","embeddable":true,"href":"https:\/\/www.regalosgourmet.cl\/cl\/wp-json\/wp\/v2\/product_cat?post=6836"},{"taxonomy":"product_tag","embeddable":true,"href":"https:\/\/www.regalosgourmet.cl\/cl\/wp-json\/wp\/v2\/product_tag?post=6836"}],"curies":[{"name":"wp","href":"https:\/\/api.w.org\/{rel}","templated":true}]}}