{"id":6832,"date":"2020-08-18T20:38:46","date_gmt":"2020-08-19T00:38:46","guid":{"rendered":"https:\/\/www.regalosgourmet.cl\/cl\/?post_type=product&#038;p=6832"},"modified":"2023-11-09T14:04:23","modified_gmt":"2023-11-09T17:04:23","slug":"el-mejor-picoteo","status":"publish","type":"product","link":"https:\/\/www.regalosgourmet.cl\/cl\/regalos\/el-mejor-picoteo\/","title":{"rendered":"El mejor picoteo"},"content":{"rendered":"","protected":false},"excerpt":{"rendered":"<p><strong>Este regalo incluye:<\/strong><\/p>\n<ul>\n<li>Vino Reserva Aliwen Cab. Sauv.\/Syrah 750ml 750ml Vi\u00f1a Undurraga<\/li>\n<li>Queso Frances Brie o Camembert Ile de France larga vida 100grs.<\/li>\n<li>Jam\u00f3n Serrano Espa\u00f1ol corte especial tapas 80grs.Los Astures<\/li>\n<li>Pate franc\u00e9s Henaff variedad 100grs.<\/li>\n<li>Pesto de Pimiento piquillo, Perfect Choice<\/li>\n<li>Galletas artesanales Higo &amp; Nuez Pecana 130g<\/li>\n<li>Mix de bombones de chocolate belga con variedad de rellenos Moulie.<\/li>\n<li>Chips artesanales Variedad 135grs. Tika<\/li>\n<li>Aceitunas rellenas Nucete<\/li>\n<\/ul>\n<p><strong>Presentaci\u00f3n:<\/strong><\/p>\n<ul>\n<li>Caja de cart\u00f3n forrado color negro con cinta de g\u00e9nero en color a elecci\u00f3n.<\/li>\n<\/ul>\n<p><strong>Condiciones:<\/strong><\/p>\n<ul>\n<li>Pedido m\u00ednimo de 20 unidades.<\/li>\n<li>Entrega en 4-6 d\u00edas h\u00e1biles.<\/li>\n<li>Valor no incluye despacho.<\/li>\n<\/ul>\n","protected":false},"featured_media":0,"template":"","meta":{"_joinchat":[]},"product_brand":[],"product_cat":[123],"product_tag":[157,158],"class_list":{"0":"post-6832","1":"product","2":"type-product","3":"status-publish","5":"product_cat-picoteo","6":"product_tag-fiestas-fin-de-ano","7":"product_tag-fin-de-ano-2022","9":"first","10":"instock","11":"taxable","12":"shipping-taxable","13":"purchasable","14":"product-type-simple"},"_links":{"self":[{"href":"https:\/\/www.regalosgourmet.cl\/cl\/wp-json\/wp\/v2\/product\/6832","targetHints":{"allow":["GET"]}}],"collection":[{"href":"https:\/\/www.regalosgourmet.cl\/cl\/wp-json\/wp\/v2\/product"}],"about":[{"href":"https:\/\/www.regalosgourmet.cl\/cl\/wp-json\/wp\/v2\/types\/product"}],"wp:attachment":[{"href":"https:\/\/www.regalosgourmet.cl\/cl\/wp-json\/wp\/v2\/media?parent=6832"}],"wp:term":[{"taxonomy":"product_brand","embeddable":true,"href":"https:\/\/www.regalosgourmet.cl\/cl\/wp-json\/wp\/v2\/product_brand?post=6832"},{"taxonomy":"product_cat","embeddable":true,"href":"https:\/\/www.regalosgourmet.cl\/cl\/wp-json\/wp\/v2\/product_cat?post=6832"},{"taxonomy":"product_tag","embeddable":true,"href":"https:\/\/www.regalosgourmet.cl\/cl\/wp-json\/wp\/v2\/product_tag?post=6832"}],"curies":[{"name":"wp","href":"https:\/\/api.w.org\/{rel}","templated":true}]}}