{"id":6828,"date":"2020-08-18T20:09:38","date_gmt":"2020-08-19T00:09:38","guid":{"rendered":"https:\/\/www.regalosgourmet.cl\/cl\/?post_type=product&#038;p=6828"},"modified":"2025-07-17T14:07:13","modified_gmt":"2025-07-17T17:07:13","slug":"cuchillo-y-pano-tabla-rustica-mediana-no-disponible","status":"publish","type":"product","link":"https:\/\/www.regalosgourmet.cl\/cl\/regalos\/cuchillo-y-pano-tabla-rustica-mediana-no-disponible\/","title":{"rendered":"Cuchillo y Pa\u00f1o + Tabla R\u00fastica Mediana"},"content":{"rendered":"","protected":false},"excerpt":{"rendered":"<p><strong>Este regalo incluye:<\/strong><\/p>\n<ul>\n<li>Cuchillo carnicero pesado Way\u00fa.<\/li>\n<li>Pa\u00f1o de cocina color negro estilo parrillero Way\u00fa.<\/li>\n<li>Tabla r\u00fastica mediana para corte de carne.<\/li>\n<\/ul>\n<p><strong>Presentaci\u00f3n:<\/strong><\/p>\n<ul>\n<li>Caja de cart\u00f3n forrado color kraft con cinta de g\u00e9nero en color a elecci\u00f3n.<\/li>\n<\/ul>\n<p><strong>Condiciones:<\/strong><\/p>\n<ul>\n<li>Pedido m\u00ednimo de 20 unidades.<\/li>\n<li>Entrega en 4-6 d\u00edas h\u00e1biles.<\/li>\n<li>Valor no incluye despacho.<\/li>\n<\/ul>\n","protected":false},"featured_media":8595,"template":"","meta":{"_joinchat":[]},"product_brand":[],"product_cat":[92],"product_tag":[144],"class_list":{"0":"post-6828","1":"product","2":"type-product","3":"status-publish","4":"has-post-thumbnail","6":"product_cat-parrilleros","7":"product_tag-regalos-fiestas-patrias","9":"first","10":"instock","11":"taxable","12":"shipping-taxable","13":"purchasable","14":"product-type-simple"},"_links":{"self":[{"href":"https:\/\/www.regalosgourmet.cl\/cl\/wp-json\/wp\/v2\/product\/6828","targetHints":{"allow":["GET"]}}],"collection":[{"href":"https:\/\/www.regalosgourmet.cl\/cl\/wp-json\/wp\/v2\/product"}],"about":[{"href":"https:\/\/www.regalosgourmet.cl\/cl\/wp-json\/wp\/v2\/types\/product"}],"wp:featuredmedia":[{"embeddable":true,"href":"https:\/\/www.regalosgourmet.cl\/cl\/wp-json\/wp\/v2\/media\/8595"}],"wp:attachment":[{"href":"https:\/\/www.regalosgourmet.cl\/cl\/wp-json\/wp\/v2\/media?parent=6828"}],"wp:term":[{"taxonomy":"product_brand","embeddable":true,"href":"https:\/\/www.regalosgourmet.cl\/cl\/wp-json\/wp\/v2\/product_brand?post=6828"},{"taxonomy":"product_cat","embeddable":true,"href":"https:\/\/www.regalosgourmet.cl\/cl\/wp-json\/wp\/v2\/product_cat?post=6828"},{"taxonomy":"product_tag","embeddable":true,"href":"https:\/\/www.regalosgourmet.cl\/cl\/wp-json\/wp\/v2\/product_tag?post=6828"}],"curies":[{"name":"wp","href":"https:\/\/api.w.org\/{rel}","templated":true}]}}