{"id":6824,"date":"2020-08-18T19:46:19","date_gmt":"2020-08-18T23:46:19","guid":{"rendered":"https:\/\/www.regalosgourmet.cl\/cl\/?post_type=product&#038;p=6824"},"modified":"2025-07-17T14:07:21","modified_gmt":"2025-07-17T17:07:21","slug":"kit-asados-wayu-tabla-rustica-mediana-no-disponible","status":"publish","type":"product","link":"https:\/\/www.regalosgourmet.cl\/cl\/regalos\/kit-asados-wayu-tabla-rustica-mediana-no-disponible\/","title":{"rendered":"Kit Asados Way\u00fa + Tabla R\u00fastica Mediana"},"content":{"rendered":"","protected":false},"excerpt":{"rendered":"<p><strong>Este regalo incluye:<\/strong><\/p>\n<ul>\n<li>Estuche de cuero hecho a mano por artesanos. Color de cuero a elecci\u00f3n seg\u00fan disponibilidad.<\/li>\n<li>Set de cuchillo y trincho parrilleros.<\/li>\n<li>Pa\u00f1o de cocina color negro estilo parrillero Way\u00fa.<\/li>\n<li>Tabla r\u00fastica de madera de arboles caidos zona de Villarica,\u00a0 medidas 30cm de lago x ancho variado (20-24cms).<\/li>\n<\/ul>\n<p><strong>Presentaci\u00f3n:<\/strong><\/p>\n<ul>\n<li>Caja de cart\u00f3n color kraft o negro con cinta de g\u00e9nero en color a elecci\u00f3n.<\/li>\n<\/ul>\n<p><strong>Condiciones:<\/strong><\/p>\n<ul>\n<li>Pedido m\u00ednimo de 20 unidades.<\/li>\n<li>Entrega en 4-6 d\u00edas h\u00e1biles.<\/li>\n<li>Valor no incluye despacho.<\/li>\n<\/ul>\n","protected":false},"featured_media":8594,"template":"","meta":{"_joinchat":[]},"product_brand":[],"product_cat":[92],"product_tag":[144],"class_list":{"0":"post-6824","1":"product","2":"type-product","3":"status-publish","4":"has-post-thumbnail","6":"product_cat-parrilleros","7":"product_tag-regalos-fiestas-patrias","9":"first","10":"instock","11":"taxable","12":"shipping-taxable","13":"purchasable","14":"product-type-simple"},"_links":{"self":[{"href":"https:\/\/www.regalosgourmet.cl\/cl\/wp-json\/wp\/v2\/product\/6824","targetHints":{"allow":["GET"]}}],"collection":[{"href":"https:\/\/www.regalosgourmet.cl\/cl\/wp-json\/wp\/v2\/product"}],"about":[{"href":"https:\/\/www.regalosgourmet.cl\/cl\/wp-json\/wp\/v2\/types\/product"}],"wp:featuredmedia":[{"embeddable":true,"href":"https:\/\/www.regalosgourmet.cl\/cl\/wp-json\/wp\/v2\/media\/8594"}],"wp:attachment":[{"href":"https:\/\/www.regalosgourmet.cl\/cl\/wp-json\/wp\/v2\/media?parent=6824"}],"wp:term":[{"taxonomy":"product_brand","embeddable":true,"href":"https:\/\/www.regalosgourmet.cl\/cl\/wp-json\/wp\/v2\/product_brand?post=6824"},{"taxonomy":"product_cat","embeddable":true,"href":"https:\/\/www.regalosgourmet.cl\/cl\/wp-json\/wp\/v2\/product_cat?post=6824"},{"taxonomy":"product_tag","embeddable":true,"href":"https:\/\/www.regalosgourmet.cl\/cl\/wp-json\/wp\/v2\/product_tag?post=6824"}],"curies":[{"name":"wp","href":"https:\/\/api.w.org\/{rel}","templated":true}]}}