{"id":6784,"date":"2020-08-13T11:41:32","date_gmt":"2020-08-13T15:41:32","guid":{"rendered":"https:\/\/www.regalosgourmet.cl\/cl\/?post_type=product&#038;p=6784"},"modified":"2022-03-31T22:11:53","modified_gmt":"2022-04-01T02:11:53","slug":"la-tropera-azul","status":"publish","type":"product","link":"https:\/\/www.regalosgourmet.cl\/cl\/regalos\/la-tropera-azul\/","title":{"rendered":"La Tropera Azul"},"content":{"rendered":"","protected":false},"excerpt":{"rendered":"<p><strong>Este regalo incluye:<\/strong><\/p>\n<ul>\n<li>Cerveza Tropera Cl\u00e1sica Don Manu, estilo Pale Ale 330ml.<\/li>\n<li>Cerveza Tropera Perros del Mackay Estilo Porter 330ml<\/li>\n<li>Queso Azul Roserborg Danes o Queso Azul camembert Ile de France, 100grs.<\/li>\n<li>Pate Frances Foie Grass 78grs Henaff<\/li>\n<li>Galletas artesanales Chia Romero 140grs. Tika<\/li>\n<li>Papas artesanales Furiosas o Patagonia, 135grs. Tika<\/li>\n<\/ul>\n<p><strong>Presentaci\u00f3n:<\/strong><\/p>\n<ul>\n<li>Caja de cart\u00f3n forrado color negro con cinta de g\u00e9nero en color a elecci\u00f3n.<\/li>\n<\/ul>\n<p><strong>Condiciones:<\/strong><\/p>\n<ul>\n<li>Pedido m\u00ednimo de 20 unidades.<\/li>\n<li>Entrega en 4-6 d\u00edas h\u00e1biles.<\/li>\n<li>Valor no incluye despacho.<\/li>\n<\/ul>\n","protected":false},"featured_media":6786,"template":"","meta":{"_joinchat":[]},"product_brand":[],"product_cat":[123],"product_tag":[127,129],"class_list":{"0":"post-6784","1":"product","2":"type-product","3":"status-publish","4":"has-post-thumbnail","6":"product_cat-picoteo","7":"product_tag-dia-del-trabajo","8":"product_tag-regalos-de-cumpleanos","10":"first","11":"instock","12":"taxable","13":"shipping-taxable","14":"purchasable","15":"product-type-simple"},"_links":{"self":[{"href":"https:\/\/www.regalosgourmet.cl\/cl\/wp-json\/wp\/v2\/product\/6784","targetHints":{"allow":["GET"]}}],"collection":[{"href":"https:\/\/www.regalosgourmet.cl\/cl\/wp-json\/wp\/v2\/product"}],"about":[{"href":"https:\/\/www.regalosgourmet.cl\/cl\/wp-json\/wp\/v2\/types\/product"}],"wp:featuredmedia":[{"embeddable":true,"href":"https:\/\/www.regalosgourmet.cl\/cl\/wp-json\/wp\/v2\/media\/6786"}],"wp:attachment":[{"href":"https:\/\/www.regalosgourmet.cl\/cl\/wp-json\/wp\/v2\/media?parent=6784"}],"wp:term":[{"taxonomy":"product_brand","embeddable":true,"href":"https:\/\/www.regalosgourmet.cl\/cl\/wp-json\/wp\/v2\/product_brand?post=6784"},{"taxonomy":"product_cat","embeddable":true,"href":"https:\/\/www.regalosgourmet.cl\/cl\/wp-json\/wp\/v2\/product_cat?post=6784"},{"taxonomy":"product_tag","embeddable":true,"href":"https:\/\/www.regalosgourmet.cl\/cl\/wp-json\/wp\/v2\/product_tag?post=6784"}],"curies":[{"name":"wp","href":"https:\/\/api.w.org\/{rel}","templated":true}]}}