{"id":6672,"date":"2020-07-29T00:00:52","date_gmt":"2020-07-29T04:00:52","guid":{"rendered":"https:\/\/www.regalosgourmet.cl\/cl\/?post_type=product&#038;p=6672"},"modified":"2025-04-17T13:42:58","modified_gmt":"2025-04-17T16:42:58","slug":"hope-bamboo","status":"publish","type":"product","link":"https:\/\/www.regalosgourmet.cl\/cl\/regalos\/hope-bamboo\/","title":{"rendered":"Hope Bamboo"},"content":{"rendered":"","protected":false},"excerpt":{"rendered":"<p><strong>Este regalo incluye:<\/strong><\/p>\n<ul>\n<li>Planta de bamb\u00fa o Chamadorea en base de madera. Esta planta se presenta como una met\u00e1fora de una nuevo comienzo. Es una planta de f\u00e1cil cuidado.<\/li>\n<\/ul>\n<p><strong>Presentaci\u00f3n:<\/strong><\/p>\n<ul>\n<li>Saco de algod\u00f3n en blanco. Posibilidad de agregar logo o mensaje full color desde las 25 unidades.<\/li>\n<\/ul>\n<p><strong>Condiciones:<\/strong><\/p>\n<ul>\n<li>Entrega en 4-6 d\u00edas h\u00e1biles.<\/li>\n<li>Valor no incluye despacho.<\/li>\n<\/ul>\n","protected":false},"featured_media":6652,"template":"","meta":{"_joinchat":[]},"product_brand":[],"product_cat":[94],"product_tag":[136],"class_list":{"0":"post-6672","1":"product","2":"type-product","3":"status-publish","4":"has-post-thumbnail","6":"product_cat-sustentables","7":"product_tag-para-mama","9":"first","10":"instock","11":"taxable","12":"shipping-taxable","13":"purchasable","14":"product-type-simple"},"_links":{"self":[{"href":"https:\/\/www.regalosgourmet.cl\/cl\/wp-json\/wp\/v2\/product\/6672","targetHints":{"allow":["GET"]}}],"collection":[{"href":"https:\/\/www.regalosgourmet.cl\/cl\/wp-json\/wp\/v2\/product"}],"about":[{"href":"https:\/\/www.regalosgourmet.cl\/cl\/wp-json\/wp\/v2\/types\/product"}],"wp:featuredmedia":[{"embeddable":true,"href":"https:\/\/www.regalosgourmet.cl\/cl\/wp-json\/wp\/v2\/media\/6652"}],"wp:attachment":[{"href":"https:\/\/www.regalosgourmet.cl\/cl\/wp-json\/wp\/v2\/media?parent=6672"}],"wp:term":[{"taxonomy":"product_brand","embeddable":true,"href":"https:\/\/www.regalosgourmet.cl\/cl\/wp-json\/wp\/v2\/product_brand?post=6672"},{"taxonomy":"product_cat","embeddable":true,"href":"https:\/\/www.regalosgourmet.cl\/cl\/wp-json\/wp\/v2\/product_cat?post=6672"},{"taxonomy":"product_tag","embeddable":true,"href":"https:\/\/www.regalosgourmet.cl\/cl\/wp-json\/wp\/v2\/product_tag?post=6672"}],"curies":[{"name":"wp","href":"https:\/\/api.w.org\/{rel}","templated":true}]}}