{"id":2734,"date":"2019-11-19T23:52:06","date_gmt":"2019-11-20T03:52:06","guid":{"rendered":"https:\/\/www.regalosgourmet.cl\/cl\/?post_type=product&#038;p=2734"},"modified":"2020-08-18T16:07:29","modified_gmt":"2020-08-18T20:07:29","slug":"duo-ole","status":"publish","type":"product","link":"https:\/\/www.regalosgourmet.cl\/cl\/regalos\/duo-ole\/","title":{"rendered":"D\u00fao Ol\u00e9"},"content":{"rendered":"<ul>\n<li>Imagen referencial<\/li>\n<li>Valores y disponibilidad sujetos a confirmaci\u00f3n mediante cotizaci\u00f3n formal al email corporativos@regalosgourmet.cl<\/li>\n<\/ul>\n","protected":false},"excerpt":{"rendered":"<p><strong>Este regalo incluye:<\/strong><\/p>\n<ul>\n<li>\u00a0Sangr\u00eda artesanal Ol\u00e9. 750cc, Curic\u00f3.<\/li>\n<li>Sidra artesanal Extra Brut Ol\u00e9, 750cc, Curic\u00f3.<\/li>\n<\/ul>\n<hr \/>\n<p><strong>Presentaci\u00f3n:<\/strong><\/p>\n<ul>\n<li>Caja de madera (para ver otras alternativa de presentaci\u00f3n ir a nuestra secci\u00f3n <a href=\"http:\/\/www.regalosgourmet.cl\/packaging\"><strong><em>Packaging<\/em><\/strong><\/a>)<\/li>\n<li>Cinta de g\u00e9nero color a elecci\u00f3n<\/li>\n<li>Tarjeta de saludo con logo corporativo.<\/li>\n<\/ul>\n<hr \/>\n<p><strong>Condiciones:<\/strong><\/p>\n<ul>\n<li>M\u00ednimo: 50 unidades.<\/li>\n<\/ul>\n","protected":false},"featured_media":2735,"template":"","meta":{"_joinchat":[]},"product_brand":[],"product_cat":[87],"product_tag":[],"class_list":{"0":"post-2734","1":"product","2":"type-product","3":"status-publish","4":"has-post-thumbnail","6":"product_cat-otros","8":"first","9":"instock","10":"taxable","11":"shipping-taxable","12":"purchasable","13":"product-type-simple"},"_links":{"self":[{"href":"https:\/\/www.regalosgourmet.cl\/cl\/wp-json\/wp\/v2\/product\/2734","targetHints":{"allow":["GET"]}}],"collection":[{"href":"https:\/\/www.regalosgourmet.cl\/cl\/wp-json\/wp\/v2\/product"}],"about":[{"href":"https:\/\/www.regalosgourmet.cl\/cl\/wp-json\/wp\/v2\/types\/product"}],"wp:featuredmedia":[{"embeddable":true,"href":"https:\/\/www.regalosgourmet.cl\/cl\/wp-json\/wp\/v2\/media\/2735"}],"wp:attachment":[{"href":"https:\/\/www.regalosgourmet.cl\/cl\/wp-json\/wp\/v2\/media?parent=2734"}],"wp:term":[{"taxonomy":"product_brand","embeddable":true,"href":"https:\/\/www.regalosgourmet.cl\/cl\/wp-json\/wp\/v2\/product_brand?post=2734"},{"taxonomy":"product_cat","embeddable":true,"href":"https:\/\/www.regalosgourmet.cl\/cl\/wp-json\/wp\/v2\/product_cat?post=2734"},{"taxonomy":"product_tag","embeddable":true,"href":"https:\/\/www.regalosgourmet.cl\/cl\/wp-json\/wp\/v2\/product_tag?post=2734"}],"curies":[{"name":"wp","href":"https:\/\/api.w.org\/{rel}","templated":true}]}}