{"id":2574,"date":"2019-11-18T14:08:57","date_gmt":"2019-11-18T18:08:57","guid":{"rendered":"https:\/\/www.regalosgourmet.cl\/cl\/?post_type=product&#038;p=2574"},"modified":"2021-10-25T22:50:48","modified_gmt":"2021-10-26T02:50:48","slug":"aperitivo-en-marmol","status":"publish","type":"product","link":"https:\/\/www.regalosgourmet.cl\/cl\/regalos\/aperitivo-en-marmol\/","title":{"rendered":"Aperitivo en M\u00e1rmol"},"content":{"rendered":"<ul>\n<li>Imagen referencial<\/li>\n<li>Valores y disponibilidad sujetos a confirmaci\u00f3n mediante cotizaci\u00f3n formal al email corporativos@regalosgourmet.cl<\/li>\n<\/ul>\n","protected":false},"excerpt":{"rendered":"<p><strong>Este regalo incluye:<\/strong><\/p>\n<ul>\n<li>Tabla de m\u00e1rmol terrazo de 18 x 32 cms, ideal para aperitivos.<\/li>\n<li>Jam\u00f3n serrano Espa\u00f1ol 80grs. Los Astures<\/li>\n<li>Queso Camembert o Brie Franc\u00e9s Ile de France 100grs. (Queso de larga vida)<\/li>\n<li>Galletas artesanales, Sacapita 250grs (variedades: Sal de Mar; Cu\u0301rcuma+Se\u0301samo; Romero; Integrales).<\/li>\n<li>Aceitunas Sevillanas rellenas piment\u00f3n, 200grs. Nucete<\/li>\n<li>Sangria Ol\u00e9 750ml., lista para servir y disfrutar, s\u00f3lo debes destaparla, agregar una rodaja de naranja a la copa, mucho hielo y Ol\u0113!<\/li>\n<li>Cuchillo para el corte de quesos (variedad de dise\u00f1os)<br \/>\n<table style=\"border-collapse: collapse;width: 60pt\" border=\"0\" width=\"80\" cellspacing=\"0\" cellpadding=\"0\">\n<colgroup>\n<col style=\"width: 60pt\" width=\"80\" \/> <\/colgroup>\n<tbody>\n<tr style=\"height: 15.0pt\">\n<td style=\"height: 15.0pt;width: 60pt\" align=\"left\" width=\"80\" height=\"20\"><em>CodApe114<\/em><\/td>\n<\/tr>\n<\/tbody>\n<\/table>\n<\/li>\n<\/ul>\n<p><strong>Presentaci\u00f3n:<\/strong><\/p>\n<ul>\n<li>Caja de cart\u00f3n forrada (para ver otras alternativa de presentaci\u00f3n ir a nuestra secci\u00f3n <a href=\"http:\/\/www.regalosgourmet.cl\/packaging\"><strong><em>Packaging<\/em><\/strong><\/a>)<\/li>\n<li>Cinta de g\u00e9nero color a elecci\u00f3n<\/li>\n<\/ul>\n<hr \/>\n<p><strong>Condiciones:<\/strong><\/p>\n<ul>\n<li>M\u00ednimo: 30 unidades.<\/li>\n<\/ul>\n","protected":false},"featured_media":6764,"template":"","meta":{"_joinchat":[]},"product_brand":[],"product_cat":[62,123],"product_tag":[],"class_list":{"0":"post-2574","1":"product","2":"type-product","3":"status-publish","4":"has-post-thumbnail","6":"product_cat-catalogo-accesorios-y-gourmet","7":"product_cat-picoteo","9":"first","10":"instock","11":"taxable","12":"shipping-taxable","13":"purchasable","14":"product-type-simple"},"_links":{"self":[{"href":"https:\/\/www.regalosgourmet.cl\/cl\/wp-json\/wp\/v2\/product\/2574","targetHints":{"allow":["GET"]}}],"collection":[{"href":"https:\/\/www.regalosgourmet.cl\/cl\/wp-json\/wp\/v2\/product"}],"about":[{"href":"https:\/\/www.regalosgourmet.cl\/cl\/wp-json\/wp\/v2\/types\/product"}],"wp:featuredmedia":[{"embeddable":true,"href":"https:\/\/www.regalosgourmet.cl\/cl\/wp-json\/wp\/v2\/media\/6764"}],"wp:attachment":[{"href":"https:\/\/www.regalosgourmet.cl\/cl\/wp-json\/wp\/v2\/media?parent=2574"}],"wp:term":[{"taxonomy":"product_brand","embeddable":true,"href":"https:\/\/www.regalosgourmet.cl\/cl\/wp-json\/wp\/v2\/product_brand?post=2574"},{"taxonomy":"product_cat","embeddable":true,"href":"https:\/\/www.regalosgourmet.cl\/cl\/wp-json\/wp\/v2\/product_cat?post=2574"},{"taxonomy":"product_tag","embeddable":true,"href":"https:\/\/www.regalosgourmet.cl\/cl\/wp-json\/wp\/v2\/product_tag?post=2574"}],"curies":[{"name":"wp","href":"https:\/\/api.w.org\/{rel}","templated":true}]}}