{"id":2536,"date":"2021-03-18T10:47:07","date_gmt":"2021-03-18T14:47:07","guid":{"rendered":"https:\/\/www.regalosgourmet.cl\/cl\/?post_type=product&#038;p=2536"},"modified":"2025-04-17T14:06:16","modified_gmt":"2025-04-17T17:06:16","slug":"gin-tonic-kit","status":"publish","type":"product","link":"https:\/\/www.regalosgourmet.cl\/cl\/regalos\/gin-tonic-kit\/","title":{"rendered":"Gin &amp; Tonic Kit"},"content":{"rendered":"<ul>\n<li>Imagen referencial<\/li>\n<li>Valores y disponibilidad sujetos a confirmaci\u00f3n mediante cotizaci\u00f3n formal al email corporativos@regalosgourmet.cl<\/li>\n<\/ul>\n","protected":false},"excerpt":{"rendered":"<p>&nbsp;<\/p>\n<p><strong>Este regalo incluye:<\/strong><\/p>\n<ul>\n<li>Set 2 copas de cristal Spiegelau de 630ml de capacidad, con un c\u00e1liz de bal\u00f3n, perfecto para Gin&amp;Tonics o Aperols. Dise\u00f1adas para liberar todo el sabor y aroma del Gin y disfrutar de una experiencia sensorial \u00f3ptima.<\/li>\n<li>6 Bot\u00e1nicos, ideales para dar un sabor especial al Gin Tonic. Cada kit contiene: Enebro, p\u00e9talos de rosa, anis estrellado, pimienta Rosada, semilla de Cilantro y cardamomo.<\/li>\n<\/ul>\n<hr \/>\n<p><strong>Presentaci\u00f3n:<\/strong><\/p>\n<ul>\n<li>Caja de madera (para ver otras alternativa de presentaci\u00f3n ir a nuestra secci\u00f3n <a href=\"http:\/\/www.regalosgourmet.cl\/packaging\"><strong><em>Packaging<\/em><\/strong><\/a>)<\/li>\n<li>Cinta de g\u00e9nero color a elecci\u00f3n<\/li>\n<li>Tarjeta de saludo de 9x5cms con logo corporativo y mensaje (gr\u00e1fica enviada por cliente).<\/li>\n<\/ul>\n<hr \/>\n<p><strong>Condiciones:<\/strong><\/p>\n<ul>\n<li>M\u00ednimo: 50 unidades.<\/li>\n<\/ul>\n","protected":false},"featured_media":8528,"template":"","meta":{"_joinchat":[]},"product_brand":[],"product_cat":[62,126],"product_tag":[136],"class_list":{"0":"post-2536","1":"product","2":"type-product","3":"status-publish","4":"has-post-thumbnail","6":"product_cat-catalogo-accesorios-y-gourmet","7":"product_cat-bar-y-cocteleria","8":"product_tag-para-mama","10":"first","11":"instock","12":"taxable","13":"shipping-taxable","14":"purchasable","15":"product-type-simple"},"_links":{"self":[{"href":"https:\/\/www.regalosgourmet.cl\/cl\/wp-json\/wp\/v2\/product\/2536","targetHints":{"allow":["GET"]}}],"collection":[{"href":"https:\/\/www.regalosgourmet.cl\/cl\/wp-json\/wp\/v2\/product"}],"about":[{"href":"https:\/\/www.regalosgourmet.cl\/cl\/wp-json\/wp\/v2\/types\/product"}],"wp:featuredmedia":[{"embeddable":true,"href":"https:\/\/www.regalosgourmet.cl\/cl\/wp-json\/wp\/v2\/media\/8528"}],"wp:attachment":[{"href":"https:\/\/www.regalosgourmet.cl\/cl\/wp-json\/wp\/v2\/media?parent=2536"}],"wp:term":[{"taxonomy":"product_brand","embeddable":true,"href":"https:\/\/www.regalosgourmet.cl\/cl\/wp-json\/wp\/v2\/product_brand?post=2536"},{"taxonomy":"product_cat","embeddable":true,"href":"https:\/\/www.regalosgourmet.cl\/cl\/wp-json\/wp\/v2\/product_cat?post=2536"},{"taxonomy":"product_tag","embeddable":true,"href":"https:\/\/www.regalosgourmet.cl\/cl\/wp-json\/wp\/v2\/product_tag?post=2536"}],"curies":[{"name":"wp","href":"https:\/\/api.w.org\/{rel}","templated":true}]}}