{"id":2534,"date":"2019-11-18T10:43:19","date_gmt":"2019-11-18T14:43:19","guid":{"rendered":"https:\/\/www.regalosgourmet.cl\/cl\/?post_type=product&#038;p=2534"},"modified":"2022-08-17T13:35:20","modified_gmt":"2022-08-17T17:35:20","slug":"sal-himalaya","status":"publish","type":"product","link":"https:\/\/www.regalosgourmet.cl\/cl\/regalos\/sal-himalaya\/","title":{"rendered":"Sal Himalaya"},"content":{"rendered":"<ul>\n<li>Imagen referencial<\/li>\n<li>Valores y disponibilidad sujetos a confirmaci\u00f3n mediante cotizaci\u00f3n formal al email corporativos@regalosgourmet.cl<\/li>\n<\/ul>\n","protected":false},"excerpt":{"rendered":"<p><strong>Este regalo incluye:<\/strong><\/p>\n<ul>\n<li>Tabla de Sal rosada Cordillera del Himalaya medidas 30 x 20 cm.\u00a0 Con esta tabla se puede cocinar carnes y m\u00e1s. Se puede poner sobre la parrilla o directo al fuego lento de la cocina.<\/li>\n<\/ul>\n<hr \/>\n<p><strong>Presentaci\u00f3n:<\/strong><\/p>\n<ul>\n<li>Caja de cart\u00f3n ecol\u00f3gica Kraft (para ver otras alternativa de presentaci\u00f3n ir a nuestra secci\u00f3n <a href=\"http:\/\/www.regalosgourmet.cl\/packaging\"><strong><em>Packaging<\/em><\/strong><\/a>)<\/li>\n<li>Cinta de g\u00e9nero color a elecci\u00f3n<\/li>\n<li>Tarjeta de saludo con logo corporativo.<\/li>\n<\/ul>\n<hr \/>\n<p><strong>Condiciones:<\/strong><\/p>\n<ul>\n<li>M\u00ednimo: 30 unidades.<\/li>\n<\/ul>\n","protected":false},"featured_media":2535,"template":"","meta":{"_joinchat":[]},"product_brand":[],"product_cat":[62,92],"product_tag":[144],"class_list":{"0":"post-2534","1":"product","2":"type-product","3":"status-publish","4":"has-post-thumbnail","6":"product_cat-catalogo-accesorios-y-gourmet","7":"product_cat-parrilleros","8":"product_tag-regalos-fiestas-patrias","10":"first","11":"instock","12":"taxable","13":"shipping-taxable","14":"purchasable","15":"product-type-simple"},"_links":{"self":[{"href":"https:\/\/www.regalosgourmet.cl\/cl\/wp-json\/wp\/v2\/product\/2534","targetHints":{"allow":["GET"]}}],"collection":[{"href":"https:\/\/www.regalosgourmet.cl\/cl\/wp-json\/wp\/v2\/product"}],"about":[{"href":"https:\/\/www.regalosgourmet.cl\/cl\/wp-json\/wp\/v2\/types\/product"}],"wp:featuredmedia":[{"embeddable":true,"href":"https:\/\/www.regalosgourmet.cl\/cl\/wp-json\/wp\/v2\/media\/2535"}],"wp:attachment":[{"href":"https:\/\/www.regalosgourmet.cl\/cl\/wp-json\/wp\/v2\/media?parent=2534"}],"wp:term":[{"taxonomy":"product_brand","embeddable":true,"href":"https:\/\/www.regalosgourmet.cl\/cl\/wp-json\/wp\/v2\/product_brand?post=2534"},{"taxonomy":"product_cat","embeddable":true,"href":"https:\/\/www.regalosgourmet.cl\/cl\/wp-json\/wp\/v2\/product_cat?post=2534"},{"taxonomy":"product_tag","embeddable":true,"href":"https:\/\/www.regalosgourmet.cl\/cl\/wp-json\/wp\/v2\/product_tag?post=2534"}],"curies":[{"name":"wp","href":"https:\/\/api.w.org\/{rel}","templated":true}]}}