{"id":2506,"date":"2019-11-18T10:03:44","date_gmt":"2019-11-18T14:03:44","guid":{"rendered":"https:\/\/www.regalosgourmet.cl\/cl\/?post_type=product&#038;p=2506"},"modified":"2020-07-14T09:21:56","modified_gmt":"2020-07-14T13:21:56","slug":"bellovino-decanter","status":"publish","type":"product","link":"https:\/\/www.regalosgourmet.cl\/cl\/regalos\/bellovino-decanter\/","title":{"rendered":"Bellovino Decanter"},"content":{"rendered":"<ul>\n<li>Imagen referencial<\/li>\n<li>Valores y disponibilidad sujetos a confirmaci\u00f3n mediante cotizaci\u00f3n formal al email corporativos@regalosgourmet.cl<\/li>\n<\/ul>\n","protected":false},"excerpt":{"rendered":"<p>Decantador ideal para decantar instant\u00e1neamente el vino en la copa, manteniendo y preservando la calidad y las propiedades del vino.<\/p>\n<p><strong>Este regalo incluye:<\/strong><\/p>\n<ul>\n<li>Decantador Bellovino. Regalo ideal para los verdaderos amantes del vino.<\/li>\n<\/ul>\n<hr \/>\n<p><strong>Presentaci\u00f3n:<\/strong><\/p>\n<ul>\n<li>Caja de cart\u00f3n forrada (para ver otras alternativa de presentaci\u00f3n ir a nuestra secci\u00f3n <a href=\"http:\/\/www.regalosgourmet.cl\/packaging\"><strong><em>Packaging<\/em><\/strong><\/a>)<\/li>\n<li>Cinta de g\u00e9nero color a elecci\u00f3n<\/li>\n<li>Tarjeta de saludo con logo corporativo.<\/li>\n<\/ul>\n<hr \/>\n<p><strong>Condiciones:<\/strong><\/p>\n<ul>\n<li>M\u00ednimo: 30 unidades.<\/li>\n<\/ul>\n","protected":false},"featured_media":2507,"template":"","meta":{"_joinchat":[]},"product_brand":[],"product_cat":[62],"product_tag":[],"class_list":{"0":"post-2506","1":"product","2":"type-product","3":"status-publish","4":"has-post-thumbnail","6":"product_cat-catalogo-accesorios-y-gourmet","8":"first","9":"instock","10":"taxable","11":"shipping-taxable","12":"purchasable","13":"product-type-simple"},"_links":{"self":[{"href":"https:\/\/www.regalosgourmet.cl\/cl\/wp-json\/wp\/v2\/product\/2506","targetHints":{"allow":["GET"]}}],"collection":[{"href":"https:\/\/www.regalosgourmet.cl\/cl\/wp-json\/wp\/v2\/product"}],"about":[{"href":"https:\/\/www.regalosgourmet.cl\/cl\/wp-json\/wp\/v2\/types\/product"}],"wp:featuredmedia":[{"embeddable":true,"href":"https:\/\/www.regalosgourmet.cl\/cl\/wp-json\/wp\/v2\/media\/2507"}],"wp:attachment":[{"href":"https:\/\/www.regalosgourmet.cl\/cl\/wp-json\/wp\/v2\/media?parent=2506"}],"wp:term":[{"taxonomy":"product_brand","embeddable":true,"href":"https:\/\/www.regalosgourmet.cl\/cl\/wp-json\/wp\/v2\/product_brand?post=2506"},{"taxonomy":"product_cat","embeddable":true,"href":"https:\/\/www.regalosgourmet.cl\/cl\/wp-json\/wp\/v2\/product_cat?post=2506"},{"taxonomy":"product_tag","embeddable":true,"href":"https:\/\/www.regalosgourmet.cl\/cl\/wp-json\/wp\/v2\/product_tag?post=2506"}],"curies":[{"name":"wp","href":"https:\/\/api.w.org\/{rel}","templated":true}]}}