{"id":2444,"date":"2019-11-18T02:06:03","date_gmt":"2019-11-18T06:06:03","guid":{"rendered":"https:\/\/www.regalosgourmet.cl\/cl\/?post_type=product&#038;p=2444"},"modified":"2022-03-15T14:55:17","modified_gmt":"2022-03-15T18:55:17","slug":"tabla-de-madera-rustica-de-60cms","status":"publish","type":"product","link":"https:\/\/www.regalosgourmet.cl\/cl\/regalos\/tabla-de-madera-rustica-de-60cms\/","title":{"rendered":"Tabla de Madera R\u00fastica de 60cms"},"content":{"rendered":"<ul>\n<li>Imagen referencial<\/li>\n<li>Valores y disponibilidad sujetos a confirmaci\u00f3n mediante cotizaci\u00f3n formal al email corporativos@regalosgourmet.cl<\/li>\n<\/ul>\n","protected":false},"excerpt":{"rendered":"<p><strong>Este regalo incluye:<\/strong><\/p>\n<ul>\n<li>Tabla de 60cms fabricada de madera cai\u0301da de los bosques nativos del sur de Chile (Rauli\u0301, hualle, roble, coihue). El ancho de cada tabla var\u00eda entre 22 y 28cms aprox, debido a que son fabricadas de forma artesanal, manteniendo los dise\u00f1os r\u00fasticos y \u00fanicos.<\/li>\n<\/ul>\n<hr \/>\n<p><strong>Presentaci\u00f3n:<\/strong><\/p>\n<ul>\n<li>Envuelta en papel kraft (para ver otras alternativa de presentaci\u00f3n ir a nuestra secci\u00f3n <a href=\"http:\/\/www.regalosgourmet.cl\/packaging\"><strong><em>Packaging<\/em><\/strong><\/a>)<\/li>\n<li>Cinta de g\u00e9nero color a elecci\u00f3n<\/li>\n<li>Tarjeta de saludo con logo corporativo.<\/li>\n<\/ul>\n<hr \/>\n<p><strong>Condiciones:<\/strong><\/p>\n<ul>\n<li>M\u00ednimo: 20 unidades.<\/li>\n<\/ul>\n","protected":false},"featured_media":2438,"template":"","meta":{"_joinchat":[]},"product_brand":[],"product_cat":[95],"product_tag":[],"class_list":{"0":"post-2444","1":"product","2":"type-product","3":"status-publish","4":"has-post-thumbnail","6":"product_cat-home-deco","8":"first","9":"instock","10":"taxable","11":"shipping-taxable","12":"purchasable","13":"product-type-simple"},"_links":{"self":[{"href":"https:\/\/www.regalosgourmet.cl\/cl\/wp-json\/wp\/v2\/product\/2444","targetHints":{"allow":["GET"]}}],"collection":[{"href":"https:\/\/www.regalosgourmet.cl\/cl\/wp-json\/wp\/v2\/product"}],"about":[{"href":"https:\/\/www.regalosgourmet.cl\/cl\/wp-json\/wp\/v2\/types\/product"}],"wp:featuredmedia":[{"embeddable":true,"href":"https:\/\/www.regalosgourmet.cl\/cl\/wp-json\/wp\/v2\/media\/2438"}],"wp:attachment":[{"href":"https:\/\/www.regalosgourmet.cl\/cl\/wp-json\/wp\/v2\/media?parent=2444"}],"wp:term":[{"taxonomy":"product_brand","embeddable":true,"href":"https:\/\/www.regalosgourmet.cl\/cl\/wp-json\/wp\/v2\/product_brand?post=2444"},{"taxonomy":"product_cat","embeddable":true,"href":"https:\/\/www.regalosgourmet.cl\/cl\/wp-json\/wp\/v2\/product_cat?post=2444"},{"taxonomy":"product_tag","embeddable":true,"href":"https:\/\/www.regalosgourmet.cl\/cl\/wp-json\/wp\/v2\/product_tag?post=2444"}],"curies":[{"name":"wp","href":"https:\/\/api.w.org\/{rel}","templated":true}]}}