{"id":2401,"date":"2019-11-18T01:17:08","date_gmt":"2019-11-18T05:17:08","guid":{"rendered":"https:\/\/www.regalosgourmet.cl\/cl\/?post_type=product&#038;p=2401"},"modified":"2023-11-09T13:52:36","modified_gmt":"2023-11-09T16:52:36","slug":"kit-huerto-urbano","status":"publish","type":"product","link":"https:\/\/www.regalosgourmet.cl\/cl\/regalos\/kit-huerto-urbano\/","title":{"rendered":"Kit Huerto Urbano"},"content":{"rendered":"<ul>\n<li>Imagen referencial<\/li>\n<li>Valores y disponibilidad sujetos a confirmaci\u00f3n mediante cotizaci\u00f3n formal al email corporativos@regalosgourmet.cl<\/li>\n<\/ul>\n","protected":false},"excerpt":{"rendered":"<h6><strong>Este regalo incluye:<\/strong><\/h6>\n<ul>\n<li>Cuatro maceteros de turba vegetal de 6 x 6 cm, natural y biodegradable.<\/li>\n<li>Cuatro comprimidos de \u201cTierra M\u00e1gica\u201d en base a turba que al contacto con agua se expanden y forman el volumen de tierra necesario para llenar los maceteros.<\/li>\n<li>Cuatro sobres con semillas a elegir:<br \/>\n\u00b7 Para cultivar todo el a\u00f1o: Cilantro, Ciboulette, Perejil, Lechuga, Espinaca, R\u00facula, otras.<br \/>\n\u00b7 Primavera Verano: Albahaca, Tomate, Tomate cherry, Aj\u00ed verde, Aj\u00ed Cacho cabra, piment\u00f3n, otras.<br \/>\n\u00b7 Flores: Dedal de Oro, Cal\u00e9ndulas, Tagetes, Mix Flores del campo, Ilusiones.<\/li>\n<li>Cuatro paletas de madera para identificar los cultivos.<\/li>\n<li>Incluye mini instructivo de siembra.<\/li>\n<\/ul>\n<h6><strong>Presentaci\u00f3n:<\/strong><\/h6>\n<ul>\n<li>Caja de cart\u00f3n con tarjeta de saludo con logo corporativo.<\/li>\n<\/ul>\n<h6><strong>Condiciones:<\/strong><\/h6>\n<ul>\n<li>M\u00ednimo: 30 unidades.<\/li>\n<\/ul>\n","protected":false},"featured_media":8624,"template":"","meta":{"_joinchat":[]},"product_brand":[],"product_cat":[90,94],"product_tag":[136],"class_list":{"0":"post-2401","1":"product","2":"type-product","3":"status-publish","4":"has-post-thumbnail","6":"product_cat-mini-regalos","7":"product_cat-sustentables","8":"product_tag-para-mama","10":"first","11":"instock","12":"taxable","13":"shipping-taxable","14":"purchasable","15":"product-type-simple"},"_links":{"self":[{"href":"https:\/\/www.regalosgourmet.cl\/cl\/wp-json\/wp\/v2\/product\/2401","targetHints":{"allow":["GET"]}}],"collection":[{"href":"https:\/\/www.regalosgourmet.cl\/cl\/wp-json\/wp\/v2\/product"}],"about":[{"href":"https:\/\/www.regalosgourmet.cl\/cl\/wp-json\/wp\/v2\/types\/product"}],"wp:featuredmedia":[{"embeddable":true,"href":"https:\/\/www.regalosgourmet.cl\/cl\/wp-json\/wp\/v2\/media\/8624"}],"wp:attachment":[{"href":"https:\/\/www.regalosgourmet.cl\/cl\/wp-json\/wp\/v2\/media?parent=2401"}],"wp:term":[{"taxonomy":"product_brand","embeddable":true,"href":"https:\/\/www.regalosgourmet.cl\/cl\/wp-json\/wp\/v2\/product_brand?post=2401"},{"taxonomy":"product_cat","embeddable":true,"href":"https:\/\/www.regalosgourmet.cl\/cl\/wp-json\/wp\/v2\/product_cat?post=2401"},{"taxonomy":"product_tag","embeddable":true,"href":"https:\/\/www.regalosgourmet.cl\/cl\/wp-json\/wp\/v2\/product_tag?post=2401"}],"curies":[{"name":"wp","href":"https:\/\/api.w.org\/{rel}","templated":true}]}}