{"id":2398,"date":"2019-11-18T01:08:14","date_gmt":"2019-11-18T05:08:14","guid":{"rendered":"https:\/\/www.regalosgourmet.cl\/cl\/?post_type=product&#038;p=2398"},"modified":"2023-11-09T13:52:48","modified_gmt":"2023-11-09T16:52:48","slug":"caja-verde","status":"publish","type":"product","link":"https:\/\/www.regalosgourmet.cl\/cl\/regalos\/caja-verde\/","title":{"rendered":"Caja Verde"},"content":{"rendered":"<ul>\n<li>Imagen referencial<\/li>\n<li>Valores y disponibilidad sujetos a confirmaci\u00f3n mediante cotizaci\u00f3n formal al email corporativos@regalosgourmet.cl<\/li>\n<\/ul>\n","protected":false},"excerpt":{"rendered":"<p>Caja de cart\u00f3n:<\/p>\n<p><strong>Este regalo incluye:<\/strong><\/p>\n<ul>\n<li>Macetero fibra de coco de 10 x 9 cm, natural y biodegradable.<\/li>\n<li>Un comprimido de \u201cTierra M\u00e1gica\u201d en base a turba que al contacto con agua se expande y forma el volumen de tierra necesario para llenar el macetero.<\/li>\n<li>Un sobre con semillas a elecci\u00f3n para cultivar todo el A\u00f1o: Cilantro, Ciboulette, Perejil, Lechuga, Espinaca, R\u00facula, otras; o en Primavera Verano: Albahaca, Tomate, Tomate cherry, Aj\u00ed verde, Aj\u00ed Cacho cabra, piment\u00f3n, otras.<br \/>\nFlores: Dedal de Oro, Cal\u00e9ndulas, Tagetes, Mix Flores del campo, Ilusiones.<\/li>\n<li>Incluye mini instructivo de siembra.<\/li>\n<li>\n<hr \/>\n<p><strong>Presentaci\u00f3n:<\/strong><\/li>\n<li>Caja de cart\u00f3n (para ver otras alternativa de presentaci\u00f3n ir a nuestra secci\u00f3n <a href=\"http:\/\/regalosgourmet.cl\/packaging\"><strong><em>Packaging<\/em><\/strong><\/a>)<\/li>\n<li>Tarjeta con logo corporativo.<\/li>\n<\/ul>\n<hr \/>\n<p><strong>Condiciones:<\/strong><\/p>\n<ul>\n<li>M\u00ednimo: 50 unidades.<\/li>\n<\/ul>\n","protected":false},"featured_media":8623,"template":"","meta":{"_joinchat":[]},"product_brand":[],"product_cat":[90,94],"product_tag":[],"class_list":{"0":"post-2398","1":"product","2":"type-product","3":"status-publish","4":"has-post-thumbnail","6":"product_cat-mini-regalos","7":"product_cat-sustentables","9":"first","10":"instock","11":"taxable","12":"shipping-taxable","13":"purchasable","14":"product-type-simple"},"_links":{"self":[{"href":"https:\/\/www.regalosgourmet.cl\/cl\/wp-json\/wp\/v2\/product\/2398","targetHints":{"allow":["GET"]}}],"collection":[{"href":"https:\/\/www.regalosgourmet.cl\/cl\/wp-json\/wp\/v2\/product"}],"about":[{"href":"https:\/\/www.regalosgourmet.cl\/cl\/wp-json\/wp\/v2\/types\/product"}],"wp:featuredmedia":[{"embeddable":true,"href":"https:\/\/www.regalosgourmet.cl\/cl\/wp-json\/wp\/v2\/media\/8623"}],"wp:attachment":[{"href":"https:\/\/www.regalosgourmet.cl\/cl\/wp-json\/wp\/v2\/media?parent=2398"}],"wp:term":[{"taxonomy":"product_brand","embeddable":true,"href":"https:\/\/www.regalosgourmet.cl\/cl\/wp-json\/wp\/v2\/product_brand?post=2398"},{"taxonomy":"product_cat","embeddable":true,"href":"https:\/\/www.regalosgourmet.cl\/cl\/wp-json\/wp\/v2\/product_cat?post=2398"},{"taxonomy":"product_tag","embeddable":true,"href":"https:\/\/www.regalosgourmet.cl\/cl\/wp-json\/wp\/v2\/product_tag?post=2398"}],"curies":[{"name":"wp","href":"https:\/\/api.w.org\/{rel}","templated":true}]}}