{"id":1576,"date":"2015-10-07T19:08:05","date_gmt":"2015-10-07T23:08:05","guid":{"rendered":"https:\/\/www.regalosgourmet.cl\/cl\/producto\/dilmah-my-personal-tea-32-bags-origen-sri-lanka\/"},"modified":"2021-04-16T13:00:38","modified_gmt":"2021-04-16T17:00:38","slug":"dilmah-my-personal-tea-32-bags-origen-sri-lanka","status":"publish","type":"product","link":"https:\/\/www.regalosgourmet.cl\/cl\/regalos\/dilmah-my-personal-tea-32-bags-origen-sri-lanka\/","title":{"rendered":"Caja T\u00e9 Dilmah, My Personal Tea, 32 Bags &#8220;Origen SRI LANKA&#8221;"},"content":{"rendered":"","protected":false},"excerpt":{"rendered":"<p>Una linda caja de madera con delicadas terminaciones, la cual cuenta con cuatro compartimientos\u00a0de T\u00e9 .<\/p>\n<p>Cada secci\u00f3n contiene ocho bolsitas de T\u00e9 Dilmah Cl\u00e1sicos (total 32 bolsitas):<\/p>\n<ul>\n<li>English Breakfast,<\/li>\n<li>Earl Grey,<\/li>\n<li>English Afternoon,<\/li>\n<li>Ceyl\u00f3n Supreme.<\/li>\n<\/ul>\n<p>Ideal para los amantes del T\u00e9, un regalo verdaderamente especial.<\/p>\n<p>&nbsp;<\/p>\n","protected":false},"featured_media":1572,"template":"","meta":{"_joinchat":[]},"product_brand":[],"product_cat":[124],"product_tag":[],"class_list":{"0":"post-1576","1":"product","2":"type-product","3":"status-publish","4":"has-post-thumbnail","6":"product_cat-coffee-break-y-desayunos","8":"first","9":"instock","10":"taxable","11":"shipping-taxable","12":"purchasable","13":"product-type-simple"},"_links":{"self":[{"href":"https:\/\/www.regalosgourmet.cl\/cl\/wp-json\/wp\/v2\/product\/1576","targetHints":{"allow":["GET"]}}],"collection":[{"href":"https:\/\/www.regalosgourmet.cl\/cl\/wp-json\/wp\/v2\/product"}],"about":[{"href":"https:\/\/www.regalosgourmet.cl\/cl\/wp-json\/wp\/v2\/types\/product"}],"wp:featuredmedia":[{"embeddable":true,"href":"https:\/\/www.regalosgourmet.cl\/cl\/wp-json\/wp\/v2\/media\/1572"}],"wp:attachment":[{"href":"https:\/\/www.regalosgourmet.cl\/cl\/wp-json\/wp\/v2\/media?parent=1576"}],"wp:term":[{"taxonomy":"product_brand","embeddable":true,"href":"https:\/\/www.regalosgourmet.cl\/cl\/wp-json\/wp\/v2\/product_brand?post=1576"},{"taxonomy":"product_cat","embeddable":true,"href":"https:\/\/www.regalosgourmet.cl\/cl\/wp-json\/wp\/v2\/product_cat?post=1576"},{"taxonomy":"product_tag","embeddable":true,"href":"https:\/\/www.regalosgourmet.cl\/cl\/wp-json\/wp\/v2\/product_tag?post=1576"}],"curies":[{"name":"wp","href":"https:\/\/api.w.org\/{rel}","templated":true}]}}