{"id":1574,"date":"2015-10-07T18:56:30","date_gmt":"2015-10-07T22:56:30","guid":{"rendered":"https:\/\/www.regalosgourmet.cl\/cl\/producto\/dilmah-luxury-presenter-small-tea-60-bag-origen-sri-lanka\/"},"modified":"2020-07-14T09:20:06","modified_gmt":"2020-07-14T13:20:06","slug":"dilmah-luxury-presenter-small-tea-60-bag-origen-sri-lanka","status":"publish","type":"product","link":"https:\/\/www.regalosgourmet.cl\/cl\/regalos\/dilmah-luxury-presenter-small-tea-60-bag-origen-sri-lanka\/","title":{"rendered":"Caja T\u00e9 Dilmah, Luxury Presenter Small Tea, 60 Bags &#8220;Origen SRI LANKA&#8221;"},"content":{"rendered":"","protected":false},"excerpt":{"rendered":"<p>Linda caja de madera con delicadas terminaciones con presentador de T\u00e9 (seis secciones).<\/p>\n<p>Cada secci\u00f3n contiene 10 bolsitas de T\u00e9 Dilmah Cl\u00e1sicos:<\/p>\n<ul>\n<li>English Breakfast,<\/li>\n<li>Earl Grey,<\/li>\n<li>Irish Breakfast,<\/li>\n<li>English Afternoon,<\/li>\n<li>Ceyl\u00f3n Supreme.<\/li>\n<\/ul>\n<p>&nbsp;<\/p>\n","protected":false},"featured_media":1575,"template":"","meta":{"_joinchat":[]},"product_brand":[],"product_cat":[87],"product_tag":[],"class_list":{"0":"post-1574","1":"product","2":"type-product","3":"status-publish","4":"has-post-thumbnail","6":"product_cat-otros","8":"first","9":"instock","10":"taxable","11":"shipping-taxable","12":"purchasable","13":"product-type-simple"},"_links":{"self":[{"href":"https:\/\/www.regalosgourmet.cl\/cl\/wp-json\/wp\/v2\/product\/1574","targetHints":{"allow":["GET"]}}],"collection":[{"href":"https:\/\/www.regalosgourmet.cl\/cl\/wp-json\/wp\/v2\/product"}],"about":[{"href":"https:\/\/www.regalosgourmet.cl\/cl\/wp-json\/wp\/v2\/types\/product"}],"wp:featuredmedia":[{"embeddable":true,"href":"https:\/\/www.regalosgourmet.cl\/cl\/wp-json\/wp\/v2\/media\/1575"}],"wp:attachment":[{"href":"https:\/\/www.regalosgourmet.cl\/cl\/wp-json\/wp\/v2\/media?parent=1574"}],"wp:term":[{"taxonomy":"product_brand","embeddable":true,"href":"https:\/\/www.regalosgourmet.cl\/cl\/wp-json\/wp\/v2\/product_brand?post=1574"},{"taxonomy":"product_cat","embeddable":true,"href":"https:\/\/www.regalosgourmet.cl\/cl\/wp-json\/wp\/v2\/product_cat?post=1574"},{"taxonomy":"product_tag","embeddable":true,"href":"https:\/\/www.regalosgourmet.cl\/cl\/wp-json\/wp\/v2\/product_tag?post=1574"}],"curies":[{"name":"wp","href":"https:\/\/api.w.org\/{rel}","templated":true}]}}