{"id":13619,"date":"2025-08-05T15:10:28","date_gmt":"2025-08-05T18:10:28","guid":{"rendered":"https:\/\/www.regalosgourmet.cl\/cl\/?post_type=product&#038;p=13619"},"modified":"2025-08-05T16:47:03","modified_gmt":"2025-08-05T19:47:03","slug":"la-mesa-chilena","status":"publish","type":"product","link":"https:\/\/www.regalosgourmet.cl\/cl\/regalos\/la-mesa-chilena\/","title":{"rendered":"La Mesa Chilena"},"content":{"rendered":"","protected":false},"excerpt":{"rendered":"<h6><strong>Este regalo incluye:<\/strong><\/h6>\n<ul>\n<li>Panera redonda o cuadrada con botones de tela reversible con motivos dieciocheros, ideal para decorar la mesa estas Fiestas Patrias (dise\u00f1o seg\u00fan disponibilidad). Confeccionada a mano en el sur de Chile.<\/li>\n<li>Pa\u00f1o de cocina con motivos dieciocheros con ribete azul o rojo. Confeccionado a mano en el sur de Chile.<\/li>\n<li>Pebre chileno 360grs en botella, Decamacho.<\/li>\n<\/ul>\n<h6><strong>Presentaci\u00f3n:<\/strong><\/h6>\n<ul>\n<li>Caja de cart\u00f3n sustentable\u00a0<strong>certificada FSC\u00a0<\/strong>en color kraft, blanco, negro, gris, rojo, oliva o rosado (consultar disponibilidad).<\/li>\n<li>Cinta de g\u00e9nero en color a elecci\u00f3n (seg\u00fan disponibilidad).<\/li>\n<li>Tarjeta de saludo con gr\u00e1fica de cliente de 5 x 9 cm. (Consulta por nuestros pre-dise\u00f1os para fechas especiales)<\/li>\n<\/ul>\n<h6><strong>Condiciones:<\/strong><\/h6>\n<ul>\n<li>La compra m\u00ednima de este producto es de <strong>20 unidades.<\/strong><\/li>\n<li>Valor no incluye despacho.<\/li>\n<\/ul>\n<h5><b>Personalizaci\u00f3n:<\/b> Packaging y algunos accesorios se pueden personalizar con el logo o mensaje de tu empresa. T\u00e9cnicas de personalizaci\u00f3n seg\u00fan el material de la superficie: serigraf\u00eda, tampograf\u00eda, DTF, grabado l\u00e1ser, vinilo o sublimaci\u00f3n. Cons\u00faltalo con tu ejecutivo.<\/h5>\n","protected":false},"featured_media":13620,"template":"","meta":{"_joinchat":[]},"product_brand":[],"product_cat":[62],"product_tag":[144],"class_list":{"0":"post-13619","1":"product","2":"type-product","3":"status-publish","4":"has-post-thumbnail","6":"product_cat-catalogo-accesorios-y-gourmet","7":"product_tag-regalos-fiestas-patrias","9":"first","10":"instock","11":"taxable","12":"shipping-taxable","13":"purchasable","14":"product-type-simple"},"_links":{"self":[{"href":"https:\/\/www.regalosgourmet.cl\/cl\/wp-json\/wp\/v2\/product\/13619","targetHints":{"allow":["GET"]}}],"collection":[{"href":"https:\/\/www.regalosgourmet.cl\/cl\/wp-json\/wp\/v2\/product"}],"about":[{"href":"https:\/\/www.regalosgourmet.cl\/cl\/wp-json\/wp\/v2\/types\/product"}],"wp:featuredmedia":[{"embeddable":true,"href":"https:\/\/www.regalosgourmet.cl\/cl\/wp-json\/wp\/v2\/media\/13620"}],"wp:attachment":[{"href":"https:\/\/www.regalosgourmet.cl\/cl\/wp-json\/wp\/v2\/media?parent=13619"}],"wp:term":[{"taxonomy":"product_brand","embeddable":true,"href":"https:\/\/www.regalosgourmet.cl\/cl\/wp-json\/wp\/v2\/product_brand?post=13619"},{"taxonomy":"product_cat","embeddable":true,"href":"https:\/\/www.regalosgourmet.cl\/cl\/wp-json\/wp\/v2\/product_cat?post=13619"},{"taxonomy":"product_tag","embeddable":true,"href":"https:\/\/www.regalosgourmet.cl\/cl\/wp-json\/wp\/v2\/product_tag?post=13619"}],"curies":[{"name":"wp","href":"https:\/\/api.w.org\/{rel}","templated":true}]}}