{"id":13415,"date":"2025-07-21T15:56:34","date_gmt":"2025-07-21T18:56:34","guid":{"rendered":"https:\/\/www.regalosgourmet.cl\/cl\/?post_type=product&#038;p=13415"},"modified":"2025-07-21T18:39:29","modified_gmt":"2025-07-21T21:39:29","slug":"untables-y-greda-copia","status":"publish","type":"product","link":"https:\/\/www.regalosgourmet.cl\/cl\/regalos\/untables-y-greda-copia\/","title":{"rendered":"Canasto y Tabla de Picoteo Dieciochero"},"content":{"rendered":"","protected":false},"excerpt":{"rendered":"<h6><strong>Este regalo incluye:<\/strong><\/h6>\n<ul>\n<li>Tablita de madera con mango ideal para charcuter\u00eda, confeccionada de manera artesanal en madera nativa en el Sur de Chile. Native Kitchen. Medidas: 24x14cms.<\/li>\n<li>Cerveza Torobayo 470ml, Kuntsmann.<\/li>\n<li>Chips de Papas, Camote, Zanahoria y Betarraga 30g, Flip.<\/li>\n<li>Bruschetta de alcachofas o esp\u00e1rragos 280grs, Perfect Choice.<\/li>\n<li>Destapador de acero inoxidable con mango de madera. Medidas: 14 x 4 x 2 cm.<\/li>\n<li>Mix frutos secos (man\u00ed salado, almendras y pasas) 250grs, Mercado Silvestre.<\/li>\n<\/ul>\n<h6><strong>Presentaci\u00f3n:<\/strong><\/h6>\n<ul>\n<li>Canasto de metal color negro y asas de madera. Medidas: 26\u00d718,5x13cm (consultar por impresi\u00f3n en serigraf\u00eda, DTF o grabado l\u00e1ser).<\/li>\n<li>Cinta de g\u00e9nero en color a elecci\u00f3n (seg\u00fan disponibilidad).<\/li>\n<li>Tarjeta de saludo con gr\u00e1fica de cliente de 5 x 9 cm. (Consulta por nuestros pre-dise\u00f1os para fechas especiales)<\/li>\n<\/ul>\n<h6><strong>Condiciones:<\/strong><\/h6>\n<ul>\n<li>La compra m\u00ednima de este producto es de <strong>30 unidades.<\/strong><\/li>\n<li>Valor no incluye despacho.<\/li>\n<\/ul>\n<h5><b>Personalizaci\u00f3n:<\/b> Packaging y algunos accesorios se pueden personalizar con el logo o mensaje de tu empresa. T\u00e9cnicas de personalizaci\u00f3n seg\u00fan el material de la superficie: serigraf\u00eda, tampograf\u00eda, DTF, grabado l\u00e1ser, vinilo o sublimaci\u00f3n. Cons\u00faltalo con tu ejecutivo.<\/h5>\n","protected":false},"featured_media":13417,"template":"","meta":{"_joinchat":[]},"product_brand":[],"product_cat":[123],"product_tag":[144],"class_list":{"0":"post-13415","1":"product","2":"type-product","3":"status-publish","4":"has-post-thumbnail","6":"product_cat-picoteo","7":"product_tag-regalos-fiestas-patrias","9":"first","10":"instock","11":"taxable","12":"shipping-taxable","13":"purchasable","14":"product-type-simple"},"_links":{"self":[{"href":"https:\/\/www.regalosgourmet.cl\/cl\/wp-json\/wp\/v2\/product\/13415","targetHints":{"allow":["GET"]}}],"collection":[{"href":"https:\/\/www.regalosgourmet.cl\/cl\/wp-json\/wp\/v2\/product"}],"about":[{"href":"https:\/\/www.regalosgourmet.cl\/cl\/wp-json\/wp\/v2\/types\/product"}],"wp:featuredmedia":[{"embeddable":true,"href":"https:\/\/www.regalosgourmet.cl\/cl\/wp-json\/wp\/v2\/media\/13417"}],"wp:attachment":[{"href":"https:\/\/www.regalosgourmet.cl\/cl\/wp-json\/wp\/v2\/media?parent=13415"}],"wp:term":[{"taxonomy":"product_brand","embeddable":true,"href":"https:\/\/www.regalosgourmet.cl\/cl\/wp-json\/wp\/v2\/product_brand?post=13415"},{"taxonomy":"product_cat","embeddable":true,"href":"https:\/\/www.regalosgourmet.cl\/cl\/wp-json\/wp\/v2\/product_cat?post=13415"},{"taxonomy":"product_tag","embeddable":true,"href":"https:\/\/www.regalosgourmet.cl\/cl\/wp-json\/wp\/v2\/product_tag?post=13415"}],"curies":[{"name":"wp","href":"https:\/\/api.w.org\/{rel}","templated":true}]}}