{"id":13308,"date":"2025-07-15T16:25:07","date_gmt":"2025-07-15T19:25:07","guid":{"rendered":"https:\/\/www.regalosgourmet.cl\/cl\/?post_type=product&#038;p=13308"},"modified":"2025-07-15T17:33:00","modified_gmt":"2025-07-15T20:33:00","slug":"caja-picoteo-chileno-con-epica","status":"publish","type":"product","link":"https:\/\/www.regalosgourmet.cl\/cl\/regalos\/caja-picoteo-chileno-con-epica\/","title":{"rendered":"Caja Picoteo Chileno con \u00c9pica"},"content":{"rendered":"","protected":false},"excerpt":{"rendered":"<h6><strong>Este regalo incluye:<\/strong><\/h6>\n<ul>\n<li>Sangr\u00eda \u00c9pica 750cc, Vi\u00f1a San Pedro.<\/li>\n<li>Pasta r\u00fastica de pimientos y tomates asados 200grs. Suk.<\/li>\n<li>Mermelada de cebolla caramelizada o pimiento piquillo 160grs. Perfect Choice.<\/li>\n<li>Merk\u00e9n premium 50grs, Nau.<\/li>\n<li>Galletas pita chips artesanales con sal de mar 50grs. Bocanboca (otros sabores disponibles: tomate, finas hierbas, c\u00farcuma).<\/li>\n<\/ul>\n<h6><strong>Presentaci\u00f3n:<\/strong><\/h6>\n<ul>\n<li>Caja de cart\u00f3n sustentable <strong>certificada FSC <\/strong>en color kraft, blanco, negro, gris, rojo, oliva o rosado (consultar disponibilidad).<\/li>\n<li>Cinta de g\u00e9nero en color a elecci\u00f3n (seg\u00fan disponibilidad).<\/li>\n<li>Tarjeta de saludo con gr\u00e1fica de cliente de 5 x 9 cm. (Consulta por nuestros pre-dise\u00f1os para fechas especiales)<\/li>\n<\/ul>\n<h6><strong>Condiciones:<\/strong><\/h6>\n<ul>\n<li>La compra m\u00ednima de este producto es de <strong>30 unidades.<\/strong><\/li>\n<li>Valor no incluye despacho.<\/li>\n<\/ul>\n<h5><b>Personalizaci\u00f3n:<\/b> Packaging y algunos accesorios se pueden personalizar con el logo o mensaje de tu empresa. T\u00e9cnicas de personalizaci\u00f3n seg\u00fan el material de la superficie: serigraf\u00eda, tampograf\u00eda, DTF, grabado l\u00e1ser, vinilo o sublimaci\u00f3n. Cons\u00faltalo con tu ejecutivo.<\/h5>\n","protected":false},"featured_media":13310,"template":"","meta":{"_joinchat":[]},"product_brand":[],"product_cat":[208,123],"product_tag":[144],"class_list":{"0":"post-13308","1":"product","2":"type-product","3":"status-publish","4":"has-post-thumbnail","6":"product_cat-regalos-chilenoss","7":"product_cat-picoteo","8":"product_tag-regalos-fiestas-patrias","10":"first","11":"instock","12":"taxable","13":"shipping-taxable","14":"purchasable","15":"product-type-simple"},"_links":{"self":[{"href":"https:\/\/www.regalosgourmet.cl\/cl\/wp-json\/wp\/v2\/product\/13308","targetHints":{"allow":["GET"]}}],"collection":[{"href":"https:\/\/www.regalosgourmet.cl\/cl\/wp-json\/wp\/v2\/product"}],"about":[{"href":"https:\/\/www.regalosgourmet.cl\/cl\/wp-json\/wp\/v2\/types\/product"}],"wp:featuredmedia":[{"embeddable":true,"href":"https:\/\/www.regalosgourmet.cl\/cl\/wp-json\/wp\/v2\/media\/13310"}],"wp:attachment":[{"href":"https:\/\/www.regalosgourmet.cl\/cl\/wp-json\/wp\/v2\/media?parent=13308"}],"wp:term":[{"taxonomy":"product_brand","embeddable":true,"href":"https:\/\/www.regalosgourmet.cl\/cl\/wp-json\/wp\/v2\/product_brand?post=13308"},{"taxonomy":"product_cat","embeddable":true,"href":"https:\/\/www.regalosgourmet.cl\/cl\/wp-json\/wp\/v2\/product_cat?post=13308"},{"taxonomy":"product_tag","embeddable":true,"href":"https:\/\/www.regalosgourmet.cl\/cl\/wp-json\/wp\/v2\/product_tag?post=13308"}],"curies":[{"name":"wp","href":"https:\/\/api.w.org\/{rel}","templated":true}]}}