{"id":13281,"date":"2025-07-15T15:30:23","date_gmt":"2025-07-15T18:30:23","guid":{"rendered":"https:\/\/www.regalosgourmet.cl\/cl\/?post_type=product&#038;p=13281"},"modified":"2025-07-17T12:33:24","modified_gmt":"2025-07-17T15:33:24","slug":"garras-para-asados-con-sabor","status":"publish","type":"product","link":"https:\/\/www.regalosgourmet.cl\/cl\/regalos\/garras-para-asados-con-sabor\/","title":{"rendered":"Garras para asados con Sabor"},"content":{"rendered":"","protected":false},"excerpt":{"rendered":"<h6><strong>Este regalo incluye:<\/strong><\/h6>\n<ul>\n<li>2 garras de acero inoxidable con mango de madera, ideales para asados y desmenuzar carnes. Mac\u00e1 Parrilleros Outdoor.<\/li>\n<li>Sal de mar con chimichurri\u00a0 u otras especias 50grs. Nau<\/li>\n<li>Aji cacho de cabra 50ml. Nau<\/li>\n<li>Sal parrillera gruesa con especias (Ajo, Carmenere, Cerveza Guayac\u00e1n, Merqu\u00e9n o Pimienta) doypack 450grs, Cristales de Chile.<\/li>\n<\/ul>\n<h6><strong>Presentaci\u00f3n:<\/strong><\/h6>\n<ul>\n<li>Caja de cart\u00f3n sustentable <strong>certificada FSC <\/strong>en color kraft, blanco, negro, gris, rojo, oliva o rosado (consultar disponibilidad).<\/li>\n<li>Cinta de g\u00e9nero en color a elecci\u00f3n (seg\u00fan disponibilidad).<\/li>\n<li>Tarjeta de saludo con gr\u00e1fica de cliente de 5 x 9 cm. (Consulta por nuestros pre-dise\u00f1os para fechas especiales)<\/li>\n<\/ul>\n<h6><strong>Condiciones:<\/strong><\/h6>\n<ul>\n<li>La compra m\u00ednima de este producto es de <strong>30 unidades.<\/strong><\/li>\n<li>Valor no incluye despacho.<\/li>\n<\/ul>\n<h5><b>Personalizaci\u00f3n:<\/b> Packaging y algunos accesorios se pueden personalizar con el logo o mensaje de tu empresa. T\u00e9cnicas de personalizaci\u00f3n seg\u00fan el material de la superficie: serigraf\u00eda, tampograf\u00eda, DTF, grabado l\u00e1ser, vinilo o sublimaci\u00f3n. Cons\u00faltalo con tu ejecutivo.<\/h5>\n","protected":false},"featured_media":13284,"template":"","meta":{"_joinchat":[]},"product_brand":[],"product_cat":[62,92,208],"product_tag":[144],"class_list":{"0":"post-13281","1":"product","2":"type-product","3":"status-publish","4":"has-post-thumbnail","6":"product_cat-catalogo-accesorios-y-gourmet","7":"product_cat-parrilleros","8":"product_cat-regalos-chilenoss","9":"product_tag-regalos-fiestas-patrias","11":"first","12":"instock","13":"taxable","14":"shipping-taxable","15":"purchasable","16":"product-type-simple"},"_links":{"self":[{"href":"https:\/\/www.regalosgourmet.cl\/cl\/wp-json\/wp\/v2\/product\/13281","targetHints":{"allow":["GET"]}}],"collection":[{"href":"https:\/\/www.regalosgourmet.cl\/cl\/wp-json\/wp\/v2\/product"}],"about":[{"href":"https:\/\/www.regalosgourmet.cl\/cl\/wp-json\/wp\/v2\/types\/product"}],"wp:featuredmedia":[{"embeddable":true,"href":"https:\/\/www.regalosgourmet.cl\/cl\/wp-json\/wp\/v2\/media\/13284"}],"wp:attachment":[{"href":"https:\/\/www.regalosgourmet.cl\/cl\/wp-json\/wp\/v2\/media?parent=13281"}],"wp:term":[{"taxonomy":"product_brand","embeddable":true,"href":"https:\/\/www.regalosgourmet.cl\/cl\/wp-json\/wp\/v2\/product_brand?post=13281"},{"taxonomy":"product_cat","embeddable":true,"href":"https:\/\/www.regalosgourmet.cl\/cl\/wp-json\/wp\/v2\/product_cat?post=13281"},{"taxonomy":"product_tag","embeddable":true,"href":"https:\/\/www.regalosgourmet.cl\/cl\/wp-json\/wp\/v2\/product_tag?post=13281"}],"curies":[{"name":"wp","href":"https:\/\/api.w.org\/{rel}","templated":true}]}}