{"id":13229,"date":"2025-07-15T13:49:03","date_gmt":"2025-07-15T16:49:03","guid":{"rendered":"https:\/\/www.regalosgourmet.cl\/cl\/?post_type=product&#038;p=13229"},"modified":"2025-07-17T13:50:13","modified_gmt":"2025-07-17T16:50:13","slug":"mortero-de-piedra-artesano-mortero-chileno-2025","status":"publish","type":"product","link":"https:\/\/www.regalosgourmet.cl\/cl\/regalos\/mortero-de-piedra-artesano-mortero-chileno-2025\/","title":{"rendered":"Mortero de Piedra Artesano &#8211; Mortero Chileno 2025"},"content":{"rendered":"","protected":false},"excerpt":{"rendered":"<h6><strong>Este regalo incluye:<\/strong><\/h6>\n<ul>\n<li>Mortero de piedra de cantera confeccionado de manera artesanal por artesanos de la Regi\u00f3n de la Araucan\u00eda, Chile. Native Kitchen.<\/li>\n<\/ul>\n<h6><strong>Presentaci\u00f3n:<\/strong><\/h6>\n<ul>\n<li>Bolsito de <strong>algod\u00f3n biodegradable y reutilizable<\/strong> sin impresi\u00f3n (consultar por impresi\u00f3n en serigraf\u00eda o DTF textil full color).<\/li>\n<li>Cinta de g\u00e9nero en color a elecci\u00f3n (seg\u00fan disponibilidad).<\/li>\n<li>Tarjeta de saludo con gr\u00e1fica de cliente de 5 x 9 cm. (Consulta por nuestros pre-dise\u00f1os para fechas especiales)<\/li>\n<\/ul>\n<h6><strong>Condiciones:<\/strong><\/h6>\n<ul>\n<li>La compra m\u00ednima de este producto es de <strong>30 unidades.<\/strong><\/li>\n<li>Valor no incluye despacho.<\/li>\n<\/ul>\n<h5><b>Personalizaci\u00f3n:<\/b> Packaging y algunos accesorios se pueden personalizar con el logo o mensaje de tu empresa. T\u00e9cnicas de personalizaci\u00f3n seg\u00fan el material de la superficie: serigraf\u00eda, tampograf\u00eda, DTF, grabado l\u00e1ser, vinilo o sublimaci\u00f3n. Cons\u00faltalo con tu ejecutivo.<\/h5>\n","protected":false},"featured_media":13230,"template":"","meta":{"_joinchat":[]},"product_brand":[],"product_cat":[208,62],"product_tag":[144],"class_list":{"0":"post-13229","1":"product","2":"type-product","3":"status-publish","4":"has-post-thumbnail","6":"product_cat-regalos-chilenoss","7":"product_cat-catalogo-accesorios-y-gourmet","8":"product_tag-regalos-fiestas-patrias","10":"first","11":"instock","12":"taxable","13":"shipping-taxable","14":"purchasable","15":"product-type-simple"},"_links":{"self":[{"href":"https:\/\/www.regalosgourmet.cl\/cl\/wp-json\/wp\/v2\/product\/13229","targetHints":{"allow":["GET"]}}],"collection":[{"href":"https:\/\/www.regalosgourmet.cl\/cl\/wp-json\/wp\/v2\/product"}],"about":[{"href":"https:\/\/www.regalosgourmet.cl\/cl\/wp-json\/wp\/v2\/types\/product"}],"wp:featuredmedia":[{"embeddable":true,"href":"https:\/\/www.regalosgourmet.cl\/cl\/wp-json\/wp\/v2\/media\/13230"}],"wp:attachment":[{"href":"https:\/\/www.regalosgourmet.cl\/cl\/wp-json\/wp\/v2\/media?parent=13229"}],"wp:term":[{"taxonomy":"product_brand","embeddable":true,"href":"https:\/\/www.regalosgourmet.cl\/cl\/wp-json\/wp\/v2\/product_brand?post=13229"},{"taxonomy":"product_cat","embeddable":true,"href":"https:\/\/www.regalosgourmet.cl\/cl\/wp-json\/wp\/v2\/product_cat?post=13229"},{"taxonomy":"product_tag","embeddable":true,"href":"https:\/\/www.regalosgourmet.cl\/cl\/wp-json\/wp\/v2\/product_tag?post=13229"}],"curies":[{"name":"wp","href":"https:\/\/api.w.org\/{rel}","templated":true}]}}