{"id":13227,"date":"2025-07-15T13:06:30","date_gmt":"2025-07-15T16:06:30","guid":{"rendered":"https:\/\/www.regalosgourmet.cl\/cl\/?post_type=product&#038;p=13227"},"modified":"2025-07-17T13:53:46","modified_gmt":"2025-07-17T16:53:46","slug":"set-pisco-y-merquen-espiritu-ahumado","status":"publish","type":"product","link":"https:\/\/www.regalosgourmet.cl\/cl\/regalos\/set-pisco-y-merquen-espiritu-ahumado\/","title":{"rendered":"Set Pisco y Merqu\u00e9n &#8211; Esp\u00edritu Ahumado"},"content":{"rendered":"","protected":false},"excerpt":{"rendered":"<h6><strong>Este regalo incluye:<\/strong><\/h6>\n<ul>\n<li>Sal parrillera gruesa con especias (Ajo, Carmenere, Cerveza Guayac\u00e1n, Merqu\u00e9n o Pimienta) doypack 450grs, Cristales de Chile.<\/li>\n<li>Merqu\u00e9n ahumado tradicional 50grs, Nau.<\/li>\n<li>Pisco transparente 40\u00b0 750cc, Esp\u00edritu de los Andes<\/li>\n<\/ul>\n<h6><strong>Presentaci\u00f3n:<\/strong><\/h6>\n<ul>\n<li>Bolsito de <strong>algod\u00f3n biodegradable y reutilizable<\/strong> sin impresi\u00f3n (consultar por impresi\u00f3n en serigraf\u00eda o DTF textil full color).<\/li>\n<li>Caja de cart\u00f3n sustentable <strong>certificada FSC <\/strong>en color kraft, blanco, negro, gris, rojo, oliva o rosado (consultar disponibilidad).<\/li>\n<li>Bolsa de <strong>algod\u00f3n biodegradable y reutilizable <\/strong>sin impresi\u00f3n (consultar por impresi\u00f3n en serigraf\u00eda o DTF textil full color).<\/li>\n<li><strong>Caja Premium<\/strong> de cart\u00f3n forrado en color blanco o negro. (consultar por opciones de personalizaci\u00f3n).<\/li>\n<li>Caja de Madera de Pino (consultar por impresi\u00f3n en serigraf\u00eda, DTF o grabado l\u00e1ser).<\/li>\n<li><\/li>\n<li>Cinta de g\u00e9nero en color a elecci\u00f3n (seg\u00fan disponibilidad).<\/li>\n<li>Tarjeta de saludo con gr\u00e1fica de cliente de 5 x 9 cm. (Consulta por nuestros pre-dise\u00f1os para fechas especiales)<\/li>\n<\/ul>\n<h6><strong>Condiciones:<\/strong><\/h6>\n<ul>\n<li>La compra m\u00ednima de este producto es de <strong>30 unidades.<\/strong><\/li>\n<li>Valor no incluye despacho.<\/li>\n<\/ul>\n<h5><b>Personalizaci\u00f3n:<\/b> Packaging y algunos accesorios se pueden personalizar con el logo o mensaje de tu empresa. T\u00e9cnicas de personalizaci\u00f3n seg\u00fan el material de la superficie: serigraf\u00eda, tampograf\u00eda, DTF, grabado l\u00e1ser, vinilo o sublimaci\u00f3n. Cons\u00faltalo con tu ejecutivo.<\/h5>\n","protected":false},"featured_media":13228,"template":"","meta":{"_joinchat":[]},"product_brand":[],"product_cat":[126,208],"product_tag":[144],"class_list":{"0":"post-13227","1":"product","2":"type-product","3":"status-publish","4":"has-post-thumbnail","6":"product_cat-bar-y-cocteleria","7":"product_cat-regalos-chilenoss","8":"product_tag-regalos-fiestas-patrias","10":"first","11":"instock","12":"taxable","13":"shipping-taxable","14":"purchasable","15":"product-type-simple"},"_links":{"self":[{"href":"https:\/\/www.regalosgourmet.cl\/cl\/wp-json\/wp\/v2\/product\/13227","targetHints":{"allow":["GET"]}}],"collection":[{"href":"https:\/\/www.regalosgourmet.cl\/cl\/wp-json\/wp\/v2\/product"}],"about":[{"href":"https:\/\/www.regalosgourmet.cl\/cl\/wp-json\/wp\/v2\/types\/product"}],"wp:featuredmedia":[{"embeddable":true,"href":"https:\/\/www.regalosgourmet.cl\/cl\/wp-json\/wp\/v2\/media\/13228"}],"wp:attachment":[{"href":"https:\/\/www.regalosgourmet.cl\/cl\/wp-json\/wp\/v2\/media?parent=13227"}],"wp:term":[{"taxonomy":"product_brand","embeddable":true,"href":"https:\/\/www.regalosgourmet.cl\/cl\/wp-json\/wp\/v2\/product_brand?post=13227"},{"taxonomy":"product_cat","embeddable":true,"href":"https:\/\/www.regalosgourmet.cl\/cl\/wp-json\/wp\/v2\/product_cat?post=13227"},{"taxonomy":"product_tag","embeddable":true,"href":"https:\/\/www.regalosgourmet.cl\/cl\/wp-json\/wp\/v2\/product_tag?post=13227"}],"curies":[{"name":"wp","href":"https:\/\/api.w.org\/{rel}","templated":true}]}}