{"id":12325,"date":"2024-07-23T15:19:41","date_gmt":"2024-07-23T18:19:41","guid":{"rendered":"https:\/\/www.regalosgourmet.cl\/cl\/?post_type=product&#038;p=12325"},"modified":"2024-07-23T23:16:48","modified_gmt":"2024-07-24T02:16:48","slug":"valle-luna-del-cobre","status":"publish","type":"product","link":"https:\/\/www.regalosgourmet.cl\/cl\/regalos\/valle-luna-del-cobre\/","title":{"rendered":"Valle Luna del Cobre"},"content":{"rendered":"","protected":false},"excerpt":{"rendered":"<p>&#8211; 2 Tazones de Acero inoxidable 304 SS de 0.6mm de espesor, con superficie lisa y asa en color encobrizado. Producto BPA FREE. 400ml. cada uno.<\/p>\n<p>&#8211; Pisco 35\u00b0 doble destilado 700ml. Valle Luna.<\/p>\n<h6><strong>PRESENTACI\u00d3N<\/strong><\/h6>\n<p>&#8211; Caja cart\u00f3n forrado color negro, blanco o kraft (seg\u00fan disponibilidad) con certificaci\u00f3n FSC con cinta de g\u00e9nero en color a elecci\u00f3n<br \/>\n&#8211; Tarjeta de saludo con mensaje de 9x5cms (dise\u00f1o enviado por cliente)<\/p>\n<h6><strong>CONDICIONES<\/strong><\/h6>\n<ul>\n<li>Compra m\u00ednima: 20 unidades.<\/li>\n<li>Valor no considera env\u00edo.<\/li>\n<\/ul>\n","protected":false},"featured_media":12326,"template":"","meta":{"_joinchat":[]},"product_brand":[],"product_cat":[126],"product_tag":[136,204],"class_list":{"0":"post-12325","1":"product","2":"type-product","3":"status-publish","4":"has-post-thumbnail","6":"product_cat-bar-y-cocteleria","7":"product_tag-para-mama","8":"product_tag-regalos-cobrizados","10":"first","11":"instock","12":"taxable","13":"shipping-taxable","14":"purchasable","15":"product-type-simple"},"_links":{"self":[{"href":"https:\/\/www.regalosgourmet.cl\/cl\/wp-json\/wp\/v2\/product\/12325","targetHints":{"allow":["GET"]}}],"collection":[{"href":"https:\/\/www.regalosgourmet.cl\/cl\/wp-json\/wp\/v2\/product"}],"about":[{"href":"https:\/\/www.regalosgourmet.cl\/cl\/wp-json\/wp\/v2\/types\/product"}],"wp:featuredmedia":[{"embeddable":true,"href":"https:\/\/www.regalosgourmet.cl\/cl\/wp-json\/wp\/v2\/media\/12326"}],"wp:attachment":[{"href":"https:\/\/www.regalosgourmet.cl\/cl\/wp-json\/wp\/v2\/media?parent=12325"}],"wp:term":[{"taxonomy":"product_brand","embeddable":true,"href":"https:\/\/www.regalosgourmet.cl\/cl\/wp-json\/wp\/v2\/product_brand?post=12325"},{"taxonomy":"product_cat","embeddable":true,"href":"https:\/\/www.regalosgourmet.cl\/cl\/wp-json\/wp\/v2\/product_cat?post=12325"},{"taxonomy":"product_tag","embeddable":true,"href":"https:\/\/www.regalosgourmet.cl\/cl\/wp-json\/wp\/v2\/product_tag?post=12325"}],"curies":[{"name":"wp","href":"https:\/\/api.w.org\/{rel}","templated":true}]}}