{"id":11982,"date":"2024-02-28T22:17:54","date_gmt":"2024-02-29T01:17:54","guid":{"rendered":"https:\/\/www.regalosgourmet.cl\/cl\/?post_type=product&#038;p=11982"},"modified":"2024-02-28T22:28:57","modified_gmt":"2024-02-29T01:28:57","slug":"nota-rosa","status":"publish","type":"product","link":"https:\/\/www.regalosgourmet.cl\/cl\/regalos\/nota-rosa\/","title":{"rendered":"Nota Rosa"},"content":{"rendered":"","protected":false},"excerpt":{"rendered":"<ul>\n<li>Bloc de notas de l\u00ednea nature fabricado en 100% algod\u00f3n reciclado. Con tapas duras y el\u00e1stico de sujeci\u00f3n en contraste. Interior con 100 hojas lisas y marcap\u00e1ginas de tela. Disponible en amplia gama de colores, con distintivo algod\u00f3n reciclado en la contraportada. Certificaci\u00f3n GRS (Global Recycled Standard \/ Est\u00e1ndar de Reciclaje Global), que garantiza el origen reciclado del material usado para fabricar el producto<\/li>\n<li>Bol\u00edgrafo Met\u00e1lico blanco con terminaciones met\u00e1licas en color cobre. Tinta de color negro.<\/li>\n<\/ul>\n<p><strong>Presentaci\u00f3n:<\/strong><\/p>\n<ul>\n<li>Bolsito biodegradable de algod\u00f3n con cinta de g\u00e9nero en color a elecci\u00f3n seg\u00fan disponibilidad.<\/li>\n<li>Incluye tarjeta personalizada con gr\u00e1fica cliente. Tama\u00f1o 9x5cms.<\/li>\n<\/ul>\n<p><strong>Condiciones<\/strong><\/p>\n<ul>\n<li>Compra m\u00ednima:30 unidades.<\/li>\n<li>Valor no considera env\u00edo.<\/li>\n<\/ul>\n","protected":false},"featured_media":11981,"template":"","meta":{"_joinchat":[]},"product_brand":[],"product_cat":[150],"product_tag":[136],"class_list":{"0":"post-11982","1":"product","2":"type-product","3":"status-publish","4":"has-post-thumbnail","6":"product_cat-bienestar","7":"product_tag-para-mama","9":"first","10":"instock","11":"taxable","12":"shipping-taxable","13":"purchasable","14":"product-type-simple"},"_links":{"self":[{"href":"https:\/\/www.regalosgourmet.cl\/cl\/wp-json\/wp\/v2\/product\/11982","targetHints":{"allow":["GET"]}}],"collection":[{"href":"https:\/\/www.regalosgourmet.cl\/cl\/wp-json\/wp\/v2\/product"}],"about":[{"href":"https:\/\/www.regalosgourmet.cl\/cl\/wp-json\/wp\/v2\/types\/product"}],"wp:featuredmedia":[{"embeddable":true,"href":"https:\/\/www.regalosgourmet.cl\/cl\/wp-json\/wp\/v2\/media\/11981"}],"wp:attachment":[{"href":"https:\/\/www.regalosgourmet.cl\/cl\/wp-json\/wp\/v2\/media?parent=11982"}],"wp:term":[{"taxonomy":"product_brand","embeddable":true,"href":"https:\/\/www.regalosgourmet.cl\/cl\/wp-json\/wp\/v2\/product_brand?post=11982"},{"taxonomy":"product_cat","embeddable":true,"href":"https:\/\/www.regalosgourmet.cl\/cl\/wp-json\/wp\/v2\/product_cat?post=11982"},{"taxonomy":"product_tag","embeddable":true,"href":"https:\/\/www.regalosgourmet.cl\/cl\/wp-json\/wp\/v2\/product_tag?post=11982"}],"curies":[{"name":"wp","href":"https:\/\/api.w.org\/{rel}","templated":true}]}}