{"id":11979,"date":"2024-02-28T22:18:06","date_gmt":"2024-02-29T01:18:06","guid":{"rendered":"https:\/\/www.regalosgourmet.cl\/cl\/?post_type=product&#038;p=11979"},"modified":"2024-02-28T22:27:48","modified_gmt":"2024-02-29T01:27:48","slug":"body-spa","status":"publish","type":"product","link":"https:\/\/www.regalosgourmet.cl\/cl\/regalos\/body-spa\/","title":{"rendered":"Body SPA"},"content":{"rendered":"","protected":false},"excerpt":{"rendered":"<ul>\n<li>Mini Gel de ducha espumoso e hidratante, 60ml, The Body Shop.<\/li>\n<li>Mini Manteca corporal de textura densa e hidrata hasta 96 horas, 50ml, The Body Shop.<\/li>\n<li>Estuche transparente que contiene esponja exfoliante, esponja de malla para la ducha, piedra pomez y escobilla de para u\u00f1as con mango de madera.<\/li>\n<\/ul>\n<p><strong>Presentaci\u00f3n:<\/strong><\/p>\n<ul>\n<li>Caja color negro, blanco o kraft en cart\u00f3n microcorrugado con <span style=\"color: #000000;\"><strong>certificaci\u00f3n FSC\u00a0<\/strong><\/span>con cinta de g\u00e9nero en color a elecci\u00f3n seg\u00fan disponibilidad.<\/li>\n<li>Incluye tarjeta personalizada con gr\u00e1fica cliente. Tama\u00f1o 9x5cms.<\/li>\n<\/ul>\n<p><strong>Condiciones<\/strong><\/p>\n<ul>\n<li>Compra m\u00ednima: 20 unidades.<\/li>\n<li>Valor no considera env\u00edo.<\/li>\n<\/ul>\n","protected":false},"featured_media":11980,"template":"","meta":{"_joinchat":[]},"product_brand":[],"product_cat":[150],"product_tag":[136],"class_list":{"0":"post-11979","1":"product","2":"type-product","3":"status-publish","4":"has-post-thumbnail","6":"product_cat-bienestar","7":"product_tag-para-mama","9":"first","10":"instock","11":"taxable","12":"shipping-taxable","13":"purchasable","14":"product-type-simple"},"_links":{"self":[{"href":"https:\/\/www.regalosgourmet.cl\/cl\/wp-json\/wp\/v2\/product\/11979","targetHints":{"allow":["GET"]}}],"collection":[{"href":"https:\/\/www.regalosgourmet.cl\/cl\/wp-json\/wp\/v2\/product"}],"about":[{"href":"https:\/\/www.regalosgourmet.cl\/cl\/wp-json\/wp\/v2\/types\/product"}],"wp:featuredmedia":[{"embeddable":true,"href":"https:\/\/www.regalosgourmet.cl\/cl\/wp-json\/wp\/v2\/media\/11980"}],"wp:attachment":[{"href":"https:\/\/www.regalosgourmet.cl\/cl\/wp-json\/wp\/v2\/media?parent=11979"}],"wp:term":[{"taxonomy":"product_brand","embeddable":true,"href":"https:\/\/www.regalosgourmet.cl\/cl\/wp-json\/wp\/v2\/product_brand?post=11979"},{"taxonomy":"product_cat","embeddable":true,"href":"https:\/\/www.regalosgourmet.cl\/cl\/wp-json\/wp\/v2\/product_cat?post=11979"},{"taxonomy":"product_tag","embeddable":true,"href":"https:\/\/www.regalosgourmet.cl\/cl\/wp-json\/wp\/v2\/product_tag?post=11979"}],"curies":[{"name":"wp","href":"https:\/\/api.w.org\/{rel}","templated":true}]}}