{"id":11972,"date":"2024-02-28T20:00:21","date_gmt":"2024-02-28T23:00:21","guid":{"rendered":"https:\/\/www.regalosgourmet.cl\/cl\/?post_type=product&#038;p=11972"},"modified":"2024-02-28T20:15:09","modified_gmt":"2024-02-28T23:15:09","slug":"super-regaloneo","status":"publish","type":"product","link":"https:\/\/www.regalosgourmet.cl\/cl\/regalos\/super-regaloneo\/","title":{"rendered":"S\u00faper Regaloneo"},"content":{"rendered":"","protected":false},"excerpt":{"rendered":"<ul>\n<li>Cafetera prensa francesa de vidirio borosilicato, modelo Roma, capacidad 3 tazas, Oroley.<\/li>\n<li>Cuchara medidora de cafe dorada.<\/li>\n<li>Pack de tres blends de caf\u00e9 tostado molido de distintas intensidades y or\u00edgenes mezclados para crear sabores \u00fanicos, 50grs c\/u.<\/li>\n<li>Surtido de galletas horneadas artesanales, 250grs.<\/li>\n<li>2 tazas de vidrio de doble pared, para bebidas calientes y fr\u00edas, capacidad 220ml. Logo corporativo en cada taza.<\/li>\n<li>Mantequilla de mani con chocolate. All nuts.<\/li>\n<li>Pita chips artesanales dulces con canela, Dulcenboca, 120grs.<\/li>\n<\/ul>\n<p><strong>Presentaci\u00f3n:<\/strong><\/p>\n<ul>\n<li>Caja color negro, blanco o kraft en cart\u00f3n microcorrugado con <span style=\"color: #000000;\"><strong>certificaci\u00f3n FSC\u00a0<\/strong><\/span>con cinta de g\u00e9nero en color a elecci\u00f3n seg\u00fan disponibilidad.<\/li>\n<li>Incluye tarjeta personalizada con gr\u00e1fica cliente. Tama\u00f1o 9x5cms.<\/li>\n<\/ul>\n<p><strong>Condiciones<\/strong><\/p>\n<ul>\n<li>Compra m\u00ednima: 20 unidades.<\/li>\n<li>Valor no considera env\u00edo.<\/li>\n<\/ul>\n","protected":false},"featured_media":11973,"template":"","meta":{"_joinchat":[]},"product_brand":[],"product_cat":[124],"product_tag":[136],"class_list":{"0":"post-11972","1":"product","2":"type-product","3":"status-publish","4":"has-post-thumbnail","6":"product_cat-coffee-break-y-desayunos","7":"product_tag-para-mama","9":"first","10":"instock","11":"taxable","12":"shipping-taxable","13":"purchasable","14":"product-type-simple"},"_links":{"self":[{"href":"https:\/\/www.regalosgourmet.cl\/cl\/wp-json\/wp\/v2\/product\/11972","targetHints":{"allow":["GET"]}}],"collection":[{"href":"https:\/\/www.regalosgourmet.cl\/cl\/wp-json\/wp\/v2\/product"}],"about":[{"href":"https:\/\/www.regalosgourmet.cl\/cl\/wp-json\/wp\/v2\/types\/product"}],"wp:featuredmedia":[{"embeddable":true,"href":"https:\/\/www.regalosgourmet.cl\/cl\/wp-json\/wp\/v2\/media\/11973"}],"wp:attachment":[{"href":"https:\/\/www.regalosgourmet.cl\/cl\/wp-json\/wp\/v2\/media?parent=11972"}],"wp:term":[{"taxonomy":"product_brand","embeddable":true,"href":"https:\/\/www.regalosgourmet.cl\/cl\/wp-json\/wp\/v2\/product_brand?post=11972"},{"taxonomy":"product_cat","embeddable":true,"href":"https:\/\/www.regalosgourmet.cl\/cl\/wp-json\/wp\/v2\/product_cat?post=11972"},{"taxonomy":"product_tag","embeddable":true,"href":"https:\/\/www.regalosgourmet.cl\/cl\/wp-json\/wp\/v2\/product_tag?post=11972"}],"curies":[{"name":"wp","href":"https:\/\/api.w.org\/{rel}","templated":true}]}}