{"id":8306,"date":"2023-08-11T15:00:49","date_gmt":"2023-08-11T18:00:49","guid":{"rendered":"https:\/\/www.regalosgourmet.cl\/cl\/?page_id=8306"},"modified":"2025-07-17T14:46:51","modified_gmt":"2025-07-17T17:46:51","slug":"catalogos-digitales","status":"publish","type":"page","link":"https:\/\/www.regalosgourmet.cl\/cl\/catalogos-digitales\/","title":{"rendered":"Librer\u00eda Cat\u00e1logos Digitales"},"content":{"rendered":"\t\t<div data-elementor-type=\"wp-page\" data-elementor-id=\"8306\" class=\"elementor elementor-8306\">\n\t\t\t\t<div class=\"elementor-element elementor-element-ed1f3d1 e-flex e-con-boxed e-con e-parent\" data-id=\"ed1f3d1\" data-element_type=\"container\" data-e-type=\"container\">\n\t\t\t\t\t<div class=\"e-con-inner\">\n\t\t<div class=\"elementor-element elementor-element-17c3fca e-con-full e-flex e-con e-child\" data-id=\"17c3fca\" data-element_type=\"container\" data-e-type=\"container\">\n\t\t\t\t<div class=\"elementor-element elementor-element-05e4634 elementor-widget elementor-widget-haru-banner\" data-id=\"05e4634\" data-element_type=\"widget\" data-e-type=\"widget\" data-widget_type=\"haru-banner.default\">\n\t\t\t\t<div class=\"elementor-widget-container\">\n\t\t\t\t\t\n                            <div class=\"haru-banner haru-banner--style-2\">\n                    \n\n\n\t\t\t<a class=\"\" href=\"https:\/\/www.regalosgourmet.cl\/cl\/especial-fin-de-ano-2024\/\" >\n\t\t\t\t<div class=\"haru-banner__image\">\n\t\t\t\t<img decoding=\"async\" src=\"https:\/\/www.regalosgourmet.cl\/cl\/wp-content\/uploads\/2025\/07\/IMG_20250528_094016-1-1.jpg\" alt=\"RegalosGourmet.cl | Regalos Gourmet para empresas\">\n\t\t\t<\/div>\n\t\t\t<div class=\"haru-banner__content\">\n\t\t\t\t<h6 class=\"haru-banner__title\">\n\t\t\t\t\tFiestas de Fin de A\u00f1o 25\t\t\t\t<\/h6>\n\t\t\t\t<div class=\"haru-banner__description\"><\/div>\n\t\t\t<\/div>\n\t\t\t<\/a>\n\t\n\n\n\n\n\n\n\n\n\n\n\n                <\/div>\n            \n            \t\t\t\t<\/div>\n\t\t\t\t<\/div>\n\t\t\t\t<div class=\"elementor-element elementor-element-5a36b3f elementor-widget elementor-widget-haru-banner\" data-id=\"5a36b3f\" data-element_type=\"widget\" data-e-type=\"widget\" data-widget_type=\"haru-banner.default\">\n\t\t\t\t<div class=\"elementor-widget-container\">\n\t\t\t\t\t\n                            <div class=\"haru-banner haru-banner--style-2\">\n                    \n\n\n\t\t\t<a class=\"\" href=\"https:\/\/www.regalosgourmet.cl\/cl\/especial-fin-de-ano-2024\/\" >\n\t\t\t\t<div class=\"haru-banner__image\">\n\t\t\t\t<img decoding=\"async\" src=\"https:\/\/www.regalosgourmet.cl\/cl\/wp-content\/uploads\/2024\/08\/Regalos-Fin-de-Ano-.jpg\" alt=\"RegalosGourmet.cl | Regalos Gourmet para empresas\">\n\t\t\t<\/div>\n\t\t\t<div class=\"haru-banner__content\">\n\t\t\t\t<h6 class=\"haru-banner__title\">\n\t\t\t\t\tFiestas de Fin de A\u00f1o 24\t\t\t\t<\/h6>\n\t\t\t\t<div class=\"haru-banner__description\"><\/div>\n\t\t\t<\/div>\n\t\t\t<\/a>\n\t\n\n\n\n\n\n\n\n\n\n\n\n                <\/div>\n            \n            \t\t\t\t<\/div>\n\t\t\t\t<\/div>\n\t\t\t\t<\/div>\n\t\t<div class=\"elementor-element elementor-element-a0cb3eb e-con-full e-flex e-con e-child\" data-id=\"a0cb3eb\" data-element_type=\"container\" data-e-type=\"container\">\n\t\t\t\t<div class=\"elementor-element elementor-element-0841d66 elementor-widget elementor-widget-haru-banner\" data-id=\"0841d66\" data-element_type=\"widget\" data-e-type=\"widget\" data-widget_type=\"haru-banner.default\">\n\t\t\t\t<div class=\"elementor-widget-container\">\n\t\t\t\t\t\n                            <div class=\"haru-banner haru-banner--style-2\">\n                    \n\n\n\t\t\t<a class=\"\" href=\"https:\/\/www.regalosgourmet.cl\/cl\/especial\/regalos-fiestas-patrias\" >\n\t\t\t\t<div class=\"haru-banner__image\">\n\t\t\t\t<img decoding=\"async\" src=\"https:\/\/www.regalosgourmet.cl\/cl\/wp-content\/uploads\/2025\/07\/IMG_20250711_115410-2.jpg\" alt=\"RegalosGourmet.cl | Regalos Gourmet para empresas\">\n\t\t\t<\/div>\n\t\t\t<div class=\"haru-banner__content\">\n\t\t\t\t<h6 class=\"haru-banner__title\">\n\t\t\t\t\tFiestas Patrias 2025\t\t\t\t<\/h6>\n\t\t\t\t<div class=\"haru-banner__description\"><\/div>\n\t\t\t<\/div>\n\t\t\t<\/a>\n\t\n\n\n\n\n\n\n\n\n\n\n\n                <\/div>\n            \n            \t\t\t\t<\/div>\n\t\t\t\t<\/div>\n\t\t\t\t<div class=\"elementor-element elementor-element-46738c7 elementor-widget elementor-widget-haru-banner\" data-id=\"46738c7\" data-element_type=\"widget\" data-e-type=\"widget\" data-widget_type=\"haru-banner.default\">\n\t\t\t\t<div class=\"elementor-widget-container\">\n\t\t\t\t\t\n                            <div class=\"haru-banner haru-banner--style-2\">\n                    \n\n\n\t\t\t<a class=\"\" href=\"https:\/\/www.regalosgourmet.cl\/cl\/catalogo-regalos-gourmet-fiestas-patrias-2024\/\" >\n\t\t\t\t<div class=\"haru-banner__image\">\n\t\t\t\t<img decoding=\"async\" src=\"https:\/\/www.regalosgourmet.cl\/cl\/wp-content\/uploads\/2024\/08\/Fiestas-Patrias.jpg\" alt=\"RegalosGourmet.cl | Regalos Gourmet para empresas\">\n\t\t\t<\/div>\n\t\t\t<div class=\"haru-banner__content\">\n\t\t\t\t<h6 class=\"haru-banner__title\">\n\t\t\t\t\tFiestas Patrias 2024\t\t\t\t<\/h6>\n\t\t\t\t<div class=\"haru-banner__description\"><\/div>\n\t\t\t<\/div>\n\t\t\t<\/a>\n\t\n\n\n\n\n\n\n\n\n\n\n\n                <\/div>\n            \n            \t\t\t\t<\/div>\n\t\t\t\t<\/div>\n\t\t\t\t<\/div>\n\t\t<div class=\"elementor-element elementor-element-cbbe14f e-con-full e-flex e-con e-child\" data-id=\"cbbe14f\" data-element_type=\"container\" data-e-type=\"container\">\n\t\t\t\t<div class=\"elementor-element elementor-element-8699ec0 elementor-widget elementor-widget-haru-banner\" data-id=\"8699ec0\" data-element_type=\"widget\" data-e-type=\"widget\" data-widget_type=\"haru-banner.default\">\n\t\t\t\t<div class=\"elementor-widget-container\">\n\t\t\t\t\t\n                            <div class=\"haru-banner haru-banner--style-2\">\n                    \n\n\n\t\t\t<a class=\"\" href=\"http:\/\/[dflip%20id=12339][\/dflip%5D\" rel=\"nofollow\">\n\t\t\t\t<div class=\"haru-banner__image\">\n\t\t\t\t<img decoding=\"async\" src=\"https:\/\/www.regalosgourmet.cl\/cl\/wp-content\/uploads\/2024\/08\/Regalos-Cobrizados-Regalos-Gourmet-1.jpg\" alt=\"RegalosGourmet.cl | Regalos Gourmet para empresas\">\n\t\t\t<\/div>\n\t\t\t<div class=\"haru-banner__content\">\n\t\t\t\t<h6 class=\"haru-banner__title\">\n\t\t\t\t\tD\u00eda del Minero 2025\t\t\t\t<\/h6>\n\t\t\t\t<div class=\"haru-banner__description\"><\/div>\n\t\t\t<\/div>\n\t\t\t<\/a>\n\t\n\n\n\n\n\n\n\n\n\n\n\n                <\/div>\n            \n            \t\t\t\t<\/div>\n\t\t\t\t<\/div>\n\t\t\t\t<div class=\"elementor-element elementor-element-ad2abb8 elementor-widget elementor-widget-haru-banner\" data-id=\"ad2abb8\" data-element_type=\"widget\" data-e-type=\"widget\" data-widget_type=\"haru-banner.default\">\n\t\t\t\t<div class=\"elementor-widget-container\">\n\t\t\t\t\t\n                            <div class=\"haru-banner haru-banner--style-2\">\n                    \n\n\n\t\t\t<a class=\"\" href=\"http:\/\/[dflip%20id=12339][\/dflip%5D\" rel=\"nofollow\">\n\t\t\t\t<div class=\"haru-banner__image\">\n\t\t\t\t<img decoding=\"async\" src=\"https:\/\/www.regalosgourmet.cl\/cl\/wp-content\/uploads\/2024\/08\/Regalos-Cobrizados-Regalos-Gourmet-1.jpg\" alt=\"RegalosGourmet.cl | Regalos Gourmet para empresas\">\n\t\t\t<\/div>\n\t\t\t<div class=\"haru-banner__content\">\n\t\t\t\t<h6 class=\"haru-banner__title\">\n\t\t\t\t\tD\u00eda del Minero 2024\t\t\t\t<\/h6>\n\t\t\t\t<div class=\"haru-banner__description\"><\/div>\n\t\t\t<\/div>\n\t\t\t<\/a>\n\t\n\n\n\n\n\n\n\n\n\n\n\n                <\/div>\n            \n            \t\t\t\t<\/div>\n\t\t\t\t<\/div>\n\t\t\t\t<\/div>\n\t\t<div class=\"elementor-element elementor-element-f12fe33 e-con-full e-flex e-con e-child\" data-id=\"f12fe33\" data-element_type=\"container\" data-e-type=\"container\">\n\t\t\t\t<div class=\"elementor-element elementor-element-429ba95 elementor-widget elementor-widget-haru-banner\" data-id=\"429ba95\" data-element_type=\"widget\" data-e-type=\"widget\" data-widget_type=\"haru-banner.default\">\n\t\t\t\t<div class=\"elementor-widget-container\">\n\t\t\t\t\t\n                            <div class=\"haru-banner haru-banner--style-2\">\n                    \n\n\n\t\t\t<a class=\"\" href=\"#\" >\n\t\t\t\t<div class=\"haru-banner__image\">\n\t\t\t\t<img decoding=\"async\" src=\"https:\/\/www.regalosgourmet.cl\/cl\/wp-content\/uploads\/2024\/08\/Regalos-Fiestas-Patrias-Regalos-Gourmet.jpg\" alt=\"RegalosGourmet.cl | Regalos Gourmet para empresas\">\n\t\t\t<\/div>\n\t\t\t<div class=\"haru-banner__content\">\n\t\t\t\t<h6 class=\"haru-banner__title\">\n\t\t\t\t\tArtesanos del Cuero\t\t\t\t<\/h6>\n\t\t\t\t<div class=\"haru-banner__description\"><\/div>\n\t\t\t<\/div>\n\t\t\t<\/a>\n\t\n\n\n\n\n\n\n\n\n\n\n\n                <\/div>\n            \n            \t\t\t\t<\/div>\n\t\t\t\t<\/div>\n\t\t\t\t<\/div>\n\t\t<div class=\"elementor-element elementor-element-a6c5493 e-con-full e-flex e-con e-child\" data-id=\"a6c5493\" data-element_type=\"container\" data-e-type=\"container\">\n\t\t\t\t<div class=\"elementor-element elementor-element-61e65ec elementor-widget elementor-widget-haru-banner\" data-id=\"61e65ec\" data-element_type=\"widget\" data-e-type=\"widget\" data-widget_type=\"haru-banner.default\">\n\t\t\t\t<div class=\"elementor-widget-container\">\n\t\t\t\t\t\n                            <div class=\"haru-banner haru-banner--style-2\">\n                    \n\n\n\t\t\t<a class=\"\" href=\"#\" >\n\t\t\t\t<div class=\"haru-banner__image\">\n\t\t\t\t<img decoding=\"async\" src=\"https:\/\/www.regalosgourmet.cl\/cl\/wp-content\/uploads\/2024\/08\/Especial-Brandeados.jpg\" alt=\"RegalosGourmet.cl | Regalos Gourmet para empresas\">\n\t\t\t<\/div>\n\t\t\t<div class=\"haru-banner__content\">\n\t\t\t\t<h6 class=\"haru-banner__title\">\n\t\t\t\t\tEspecial Personalizados\t\t\t\t<\/h6>\n\t\t\t\t<div class=\"haru-banner__description\"><\/div>\n\t\t\t<\/div>\n\t\t\t<\/a>\n\t\n\n\n\n\n\n\n\n\n\n\n\n                <\/div>\n            \n            \t\t\t\t<\/div>\n\t\t\t\t<\/div>\n\t\t\t\t<\/div>\n\t\t<div class=\"elementor-element elementor-element-899a43b e-con-full e-flex e-con e-child\" data-id=\"899a43b\" data-element_type=\"container\" data-e-type=\"container\">\n\t\t\t\t<div class=\"elementor-element elementor-element-44d2616 elementor-widget elementor-widget-haru-banner\" data-id=\"44d2616\" data-element_type=\"widget\" data-e-type=\"widget\" data-widget_type=\"haru-banner.default\">\n\t\t\t\t<div class=\"elementor-widget-container\">\n\t\t\t\t\t\n                            <div class=\"haru-banner haru-banner--style-2\">\n                    \n\n\n\t\t\t<a class=\"\" href=\"#\" >\n\t\t\t\t<div class=\"haru-banner__image\">\n\t\t\t\t<img decoding=\"async\" src=\"https:\/\/www.regalosgourmet.cl\/cl\/wp-content\/uploads\/2024\/08\/Sustentables.jpg\" alt=\"RegalosGourmet.cl | Regalos Gourmet para empresas\">\n\t\t\t<\/div>\n\t\t\t<div class=\"haru-banner__content\">\n\t\t\t\t<h6 class=\"haru-banner__title\">\n\t\t\t\t\tRegalos Sustentables\t\t\t\t<\/h6>\n\t\t\t\t<div class=\"haru-banner__description\"><\/div>\n\t\t\t<\/div>\n\t\t\t<\/a>\n\t\n\n\n\n\n\n\n\n\n\n\n\n                <\/div>\n            \n            \t\t\t\t<\/div>\n\t\t\t\t<\/div>\n\t\t\t\t<\/div>\n\t\t\t\t\t<\/div>\n\t\t\t\t<\/div>\n\t\t<div class=\"elementor-element elementor-element-274c552 e-flex e-con-boxed e-con e-parent\" data-id=\"274c552\" data-element_type=\"container\" data-e-type=\"container\">\n\t\t\t\t\t<div class=\"e-con-inner\">\n\t\t\t\t\t<\/div>\n\t\t\t\t<\/div>\n\t\t\t\t<\/div>\n\t\t","protected":false},"excerpt":{"rendered":"<p>Fiestas de Fin de A\u00f1o 25 Fiestas de Fin de A\u00f1o 24 Fiestas Patrias 2025 Fiestas Patrias 2024 D\u00eda del Minero 2025 D\u00eda del Minero 2024 Artesanos del Cuero Especial Personalizados Regalos Sustentables<\/p>\n","protected":false},"author":2,"featured_media":0,"parent":0,"menu_order":0,"comment_status":"closed","ping_status":"closed","template":"","meta":{"_joinchat":[],"footnotes":""},"class_list":["post-8306","page","type-page","status-publish","hentry"],"_links":{"self":[{"href":"https:\/\/www.regalosgourmet.cl\/cl\/wp-json\/wp\/v2\/pages\/8306","targetHints":{"allow":["GET"]}}],"collection":[{"href":"https:\/\/www.regalosgourmet.cl\/cl\/wp-json\/wp\/v2\/pages"}],"about":[{"href":"https:\/\/www.regalosgourmet.cl\/cl\/wp-json\/wp\/v2\/types\/page"}],"author":[{"embeddable":true,"href":"https:\/\/www.regalosgourmet.cl\/cl\/wp-json\/wp\/v2\/users\/2"}],"replies":[{"embeddable":true,"href":"https:\/\/www.regalosgourmet.cl\/cl\/wp-json\/wp\/v2\/comments?post=8306"}],"version-history":[{"count":35,"href":"https:\/\/www.regalosgourmet.cl\/cl\/wp-json\/wp\/v2\/pages\/8306\/revisions"}],"predecessor-version":[{"id":13347,"href":"https:\/\/www.regalosgourmet.cl\/cl\/wp-json\/wp\/v2\/pages\/8306\/revisions\/13347"}],"wp:attachment":[{"href":"https:\/\/www.regalosgourmet.cl\/cl\/wp-json\/wp\/v2\/media?parent=8306"}],"curies":[{"name":"wp","href":"https:\/\/api.w.org\/{rel}","templated":true}]}}