{"id":7000,"date":"2020-10-28T14:52:15","date_gmt":"2020-10-28T18:52:15","guid":{"rendered":"https:\/\/www.regalosgourmet.cl\/cl\/?page_id=7000"},"modified":"2023-08-08T10:21:53","modified_gmt":"2023-08-08T13:21:53","slug":"politicas-y-condiciones-despachos","status":"publish","type":"page","link":"https:\/\/www.regalosgourmet.cl\/cl\/politicas-y-condiciones-despachos\/","title":{"rendered":"Despachos"},"content":{"rendered":"<p>[vc_row full_width=&#8221;stretch_row&#8221; css=&#8221;.vc_custom_1682602886952{background-position: center !important;background-repeat: no-repeat !important;background-size: cover !important;}&#8221;][vc_column][vc_empty_space height=&#8221;50&#8243;][\/vc_column][\/vc_row][vc_row][vc_column][vc_column_text]<\/p>\n<div class=\"wpb_text_column wpb_content_element \">\n<div class=\"wpb_wrapper\">\n<h1 style=\"text-align: center;\">Pol\u00edticas y Condiciones Despachos<\/h1>\n<\/div>\n<\/div>\n<p>[\/vc_column_text][vc_empty_space height=&#8221;50&#8243;][vc_separator style=&#8221;dashed&#8221;][vc_column_text]<\/p>\n<div class=\"wpb_text_column wpb_content_element \">\n<div class=\"wpb_wrapper\">\n<h2 style=\"text-align: center;\">Informaci\u00f3n General<\/h2>\n<p style=\"text-align: center;\">En <strong>Grupo Chitta<\/strong> a trav\u00e9s de RegalosGourmet.cl llevamos m\u00e1s de 13 a\u00f1os armando regalos para empresas y personas que requieren un producto de calidad, con excelentes terminaciones y que por sobre todo, con una excelente presentaci\u00f3n. Por este \u00faltimo punto, es que el despacho es un proceso muy importante en la experiencia de los regalos. A continuaci\u00f3n informamos las pol\u00edticas y condiciones que aplican a los despachos.<\/p>\n<\/div>\n<\/div>\n<p>[\/vc_column_text][vc_separator style=&#8221;dashed&#8221;][vc_column_text]<\/p>\n<div class=\"wpb_text_column wpb_content_element \">\n<div class=\"wpb_wrapper\">\n<h3 style=\"text-align: center;\">1) Entrega directa a instalaciones de clientes<\/h3>\n<p style=\"text-align: center;\">Realizamos la entrega directamente a tus instalaciones en al fecha y ubicaci\u00f3n coordinada con nuestro ejecutivo comercial. Es importante especificar si se requiere despacho a una bodega, oficina en edificio o caracter\u00edsticas del lugar para la descarga.<\/p>\n<\/div>\n<\/div>\n<p>[\/vc_column_text][vc_separator style=&#8221;dashed&#8221;][vc_column_text]<\/p>\n<div class=\"wpb_text_column wpb_content_element \">\n<div class=\"wpb_wrapper\">\n<h3 style=\"text-align: center;\"><strong>2) Entregas a domicilios mediante terceros<\/strong><\/h3>\n<p>Todos los clientes deber\u00e1n enviar planilla excel con <strong>formato entregado por RegalosGourmet.cl.<\/strong> Todo error en los datos, inexactitud o falta de informaci\u00f3n,<strong> ser\u00e1n responsabilidad del cliente<\/strong> en los casos en que el paquete\/pedido no pueda ser entregado al destinatario final.<\/div>\n<\/div>\n<p>[\/vc_column_text][\/vc_column][\/vc_row][vc_row][vc_column width=&#8221;1\/2&#8243;][vc_column_text]<\/p>\n<div class=\"wpb_text_column wpb_content_element \">\n<div class=\"wpb_wrapper\">\n<h3 style=\"text-align: center;\"><strong>Santiago*<\/strong><\/h3>\n<\/div>\n<\/div>\n<p>[\/vc_column_text][vc_column_text]<\/p>\n<div class=\"wpb_text_column wpb_content_element \">\n<h4 class=\"wpb_wrapper\">Tiempo entrega a domicilio dentro de Regi\u00f3n Metropolitana:<\/h4>\n<\/div>\n<div class=\"wpb_text_column wpb_content_element vc_custom_1628557001556\">\n<div class=\"wpb_wrapper\">\n<ul>\n<li>Env\u00edo <strong>Regular<\/strong> dentro de zona urbana de Santiago:\u00a0<strong>1 d\u00eda h\u00e1bil.<\/strong><\/li>\n<li>Env\u00edo <strong>Same-day<\/strong> dentro de zona urbana de Santiago:\u00a0<strong>Entrega el mismo d\u00eda.<\/strong><\/li>\n<\/ul>\n<p><strong>Estos tiempos se consideran desde que el pedido est\u00e1 armado y listo para ser despachado.<\/strong><\/p>\n<p>Se consideran estos tiempos para las siguientes comunas:<\/p>\n<ul>\n<li>Lo Barnechea, Las Condes, La Reina, Providencia, \u00d1u\u00f1oa y Vitacura.<\/li>\n<li>Cerrillos, Cerro Navia, Conchal\u00ed, Colina, Estaci\u00f3n Central, Huechuraba, Independencia, La Cisterna, La Florida, La Granja, Macul, Pedro Aguirre Cerda, Pe\u00f1alol\u00e9n, Quilicura, Quinta Normal, Recoleta, Renca, San Joaqu\u00edn, San Miguel y Santiago.<\/li>\n<\/ul>\n<p><strong>Para las siguientes comunas se debe considerar el plazo de 1 a 3 d\u00edas h\u00e1biles:<\/strong><\/p>\n<ul>\n<li>Buin, Calera de Tango, Colina, Lampa, El Bosque, Lampa, La Pintana, Lo Espejo, Lo Prado, Maip\u00fa, Pudahuel, Puente Alto, San Bernardo y San Ram\u00f3n.\u00a0Alhue, Curacav\u00ed, El Monte, Isla de Maipo, Mar\u00eda Pinto, Melipilla, Padre Hurtado, Paine, Pe\u00f1aflor, Pirque, San Jos\u00e9 de Maipo, San Pedro, Talagante y Tiltil.<\/li>\n<\/ul>\n<\/div>\n<\/div>\n<p>[\/vc_column_text][\/vc_column][vc_column width=&#8221;1\/2&#8243;][vc_column_text]<\/p>\n<div class=\"wpb_text_column wpb_content_element \">\n<div class=\"wpb_wrapper\">\n<h3 style=\"text-align: center;\"><strong>Regiones*<\/strong><\/h3>\n<\/div>\n<\/div>\n<p>[\/vc_column_text][vc_column_text]<\/p>\n<h4>Tiempo y cobertura a domicilios en Regiones:<\/h4>\n<p>Para env\u00edos a domicilios en comunas<strong>\u00a0fuera del radio urbano de Santiago y a otras regiones de Chile continental<\/strong>, se realizar\u00e1n exclusivamente trav\u00e9s del servicio y cobertura de operadores log\u00edsticos externos a <strong>Grupo Chitta<\/strong>, siendo la informaci\u00f3n y el cumplimientos de los tiempos de tr\u00e1nsito para cada comuna de exclusiva <strong>responsabilidad de estos terceros.<\/strong><\/p>\n<p><strong>RegalosGourmet.cl<\/strong>\u00a0realizar\u00e1 el servicio de\u00a0<strong>entrega y despacho a la empresa de transportes<\/strong>. Toda informaci\u00f3n de fecha tentativa de entrega, ser\u00e1 solamente de <strong>car\u00e1cter informativo<\/strong> y\u00a0<strong>no representa responsabilidad ni compromiso de RegalosGourmet.cl<\/strong>\u00a0en los casos de incumplimiento del servicio, de los tiempos de entrega y de las condiciones del paquete por parte del tercero al destinatario final.<\/p>\n<p>Se entregar\u00e1 una planilla para el llenado de datos a cada cliente con el formato para que estos sean enviados a nuestro equipo para coordinar los despachos. Recomendamos indicar direcci\u00f3n de email para recibir avisos de seguimiento de las empresa log\u00edstica.[\/vc_column_text][\/vc_column][\/vc_row]<\/p>\n","protected":false},"excerpt":{"rendered":"<p>[vc_row full_width=&#8221;stretch_row&#8221; css=&#8221;.vc_custom_1682602886952{background-position: center !important;background-repeat: no-repeat !important;background-size: cover !important;}&#8221;][vc_column][vc_empty_space height=&#8221;50&#8243;][\/vc_column][\/vc_row][vc_row][vc_column][vc_column_text] Pol\u00edticas y Condiciones Despachos [\/vc_column_text][vc_empty_space height=&#8221;50&#8243;][vc_separator style=&#8221;dashed&#8221;][vc_column_text] Informaci\u00f3n General En Grupo Chitta a trav\u00e9s de RegalosGourmet.cl llevamos m\u00e1s de 13 a\u00f1os armando regalos para empresas y personas que requieren un producto de calidad, con excelentes terminaciones y que por sobre todo, con una excelente presentaci\u00f3n. [&hellip;]<\/p>\n","protected":false},"author":2,"featured_media":0,"parent":0,"menu_order":0,"comment_status":"closed","ping_status":"closed","template":"page-boxed.php","meta":{"_joinchat":[],"footnotes":""},"class_list":["post-7000","page","type-page","status-publish","hentry"],"_links":{"self":[{"href":"https:\/\/www.regalosgourmet.cl\/cl\/wp-json\/wp\/v2\/pages\/7000","targetHints":{"allow":["GET"]}}],"collection":[{"href":"https:\/\/www.regalosgourmet.cl\/cl\/wp-json\/wp\/v2\/pages"}],"about":[{"href":"https:\/\/www.regalosgourmet.cl\/cl\/wp-json\/wp\/v2\/types\/page"}],"author":[{"embeddable":true,"href":"https:\/\/www.regalosgourmet.cl\/cl\/wp-json\/wp\/v2\/users\/2"}],"replies":[{"embeddable":true,"href":"https:\/\/www.regalosgourmet.cl\/cl\/wp-json\/wp\/v2\/comments?post=7000"}],"version-history":[{"count":42,"href":"https:\/\/www.regalosgourmet.cl\/cl\/wp-json\/wp\/v2\/pages\/7000\/revisions"}],"predecessor-version":[{"id":8294,"href":"https:\/\/www.regalosgourmet.cl\/cl\/wp-json\/wp\/v2\/pages\/7000\/revisions\/8294"}],"wp:attachment":[{"href":"https:\/\/www.regalosgourmet.cl\/cl\/wp-json\/wp\/v2\/media?parent=7000"}],"curies":[{"name":"wp","href":"https:\/\/api.w.org\/{rel}","templated":true}]}}