{"id":28,"date":"2013-08-02T05:45:21","date_gmt":"2013-08-02T05:45:21","guid":{"rendered":"https:\/\/www.regalosgourmet.cl\/cl\/?page_id=28"},"modified":"2024-02-28T00:21:14","modified_gmt":"2024-02-28T03:21:14","slug":"contacto-old","status":"publish","type":"page","link":"https:\/\/www.regalosgourmet.cl\/cl\/contacto-old\/","title":{"rendered":"Contacto"},"content":{"rendered":"<p>[vc_row full_width=&#8221;stretch_row&#8221; css=&#8221;.vc_custom_1649348495489{background-image: url(https:\/\/www.regalosgourmet.cl\/cl\/wp-content\/uploads\/2022\/04\/IMG_94308374-scaled.jpg?id=7678) !important;background-position: center !important;background-repeat: no-repeat !important;background-size: cover !important;}&#8221;][vc_column][vc_empty_space height=&#8221;120&#8243;][\/vc_column][\/vc_row][vc_row][vc_column width=&#8221;1\/2&#8243;][vc_empty_space height=&#8221;60&#8243;][vc_column_text]<\/p>\n<h4 style=\"text-align: center;\">En<strong>\u00a0RegalosGourmet.cl<\/strong> nos encanta poder responder todas tus preguntas y comentarios que tengas. Env\u00edanos un email y nuestro equipo te responder\u00e1 lo m\u00e1s r\u00e1pido posible. Recuerda seguirnos en Instagram y las redes sociales para mantenerte conectado con nuestros nuevos productos y colecciones, promociones y sorpresas.<\/h4>\n<p>[\/vc_column_text][\/vc_column][vc_column width=&#8221;1\/2&#8243;][vc_empty_space height=&#8221;60&#8243;][vc_column_text][\/vc_column_text][vc_column_text]<\/p>\n<h4 style=\"text-align: center;\"><span style=\"color: #993366;\">CORPORATIVOS<\/span>@REGALOSGOURMET.CL<\/h4>\n<p>[\/vc_column_text][\/vc_column][\/vc_row]<\/p>\n","protected":false},"excerpt":{"rendered":"<p>[vc_row full_width=&#8221;stretch_row&#8221; css=&#8221;.vc_custom_1649348495489{background-image: url(https:\/\/www.regalosgourmet.cl\/cl\/wp-content\/uploads\/2022\/04\/IMG_94308374-scaled.jpg?id=7678) !important;background-position: center !important;background-repeat: no-repeat !important;background-size: cover !important;}&#8221;][vc_column][vc_empty_space height=&#8221;120&#8243;][\/vc_column][\/vc_row][vc_row][vc_column width=&#8221;1\/2&#8243;][vc_empty_space height=&#8221;60&#8243;][vc_column_text] En\u00a0RegalosGourmet.cl nos encanta poder responder todas tus preguntas y comentarios que tengas. Env\u00edanos un email y nuestro equipo te responder\u00e1 lo m\u00e1s r\u00e1pido posible. Recuerda seguirnos en Instagram y las redes sociales para mantenerte conectado con nuestros nuevos productos y colecciones, [&hellip;]<\/p>\n","protected":false},"author":2,"featured_media":0,"parent":0,"menu_order":0,"comment_status":"closed","ping_status":"closed","template":"","meta":{"_joinchat":[],"footnotes":""},"class_list":["post-28","page","type-page","status-publish","hentry"],"_links":{"self":[{"href":"https:\/\/www.regalosgourmet.cl\/cl\/wp-json\/wp\/v2\/pages\/28","targetHints":{"allow":["GET"]}}],"collection":[{"href":"https:\/\/www.regalosgourmet.cl\/cl\/wp-json\/wp\/v2\/pages"}],"about":[{"href":"https:\/\/www.regalosgourmet.cl\/cl\/wp-json\/wp\/v2\/types\/page"}],"author":[{"embeddable":true,"href":"https:\/\/www.regalosgourmet.cl\/cl\/wp-json\/wp\/v2\/users\/2"}],"replies":[{"embeddable":true,"href":"https:\/\/www.regalosgourmet.cl\/cl\/wp-json\/wp\/v2\/comments?post=28"}],"version-history":[{"count":16,"href":"https:\/\/www.regalosgourmet.cl\/cl\/wp-json\/wp\/v2\/pages\/28\/revisions"}],"predecessor-version":[{"id":11804,"href":"https:\/\/www.regalosgourmet.cl\/cl\/wp-json\/wp\/v2\/pages\/28\/revisions\/11804"}],"wp:attachment":[{"href":"https:\/\/www.regalosgourmet.cl\/cl\/wp-json\/wp\/v2\/media?parent=28"}],"curies":[{"name":"wp","href":"https:\/\/api.w.org\/{rel}","templated":true}]}}