{"id":16,"date":"2013-08-02T05:39:03","date_gmt":"2013-08-02T05:39:03","guid":{"rendered":"https:\/\/www.regalosgourmet.cl\/cl\/?page_id=16"},"modified":"2014-07-28T02:23:07","modified_gmt":"2014-07-28T02:23:07","slug":"corporativos","status":"publish","type":"page","link":"https:\/\/www.regalosgourmet.cl\/cl\/corporativos\/","title":{"rendered":"Corporativos"},"content":{"rendered":"<p><img fetchpriority=\"high\" decoding=\"async\" class=\"alignleft  wp-image-19\" src=\"https:\/\/www.regalosgourmet.cl\/cl\/wp-content\/uploads\/2013\/08\/wicker-baskets-lg.webp\" alt=\"wicker-baskets-lg\" width=\"421\" height=\"475\" \/>Somos una empresa dedicada a entregar las mejores alternativas de\u00a0<b>Regalos Gourmet personalizados<\/b>\u00a0a nuestros clientes.<\/p>\n<p>Los puedes encontrar en las categor\u00edas\u00a0<a href=\"https:\/\/www.regalosgourmet.cl\/cl\/productos\/regalos-gourmet\/catalogo-de-cajas-y-canastas\/\"><b>&#8220;Cajas y Canastas\u201d<\/b><\/a>,\u00a0 listos para regalar, pero tambi\u00e9n puedes ver nuestra secci\u00f3n de\u00a0<a href=\"https:\/\/www.regalosgourmet.cl\/cl\/productos\/\"><b>\u201cProductos&#8221;<\/b><\/a>\u00a0y puedes seleccionar y armar tu propio regalo corporativo. En esta seccion puedes encontrar las lineas de &#8221; Accesorios, Aceites y vinagres, Caf\u00e9, t\u00e9 e infusiones, Cervezas, vinos y licores, Chocolates y dulces, Conservas, Especias y condimentos, Foie Grass y Pat\u00e9s, Galletas, Snack, Mermeladas y majares, Quesos y jamones, \u00a0Organicos y funcionales, entre otros.<\/p>\n<p>Nuestros\u00a0m\u00ednimos\u00a0de compra son\u00a0<b>20 unidades de cada producto\u00a0o regalos como m\u00ednimo<\/b>, para pedidos de inferior cantidad o de otro \u00edndole, pronto podras comprar en nuestra tienda gourmet a domicilio www.deliverygourmet.cl<\/p>\n<p>Una vez que los tengas seleccionados debes enviarnos un email a: \u00a0 <b>corporativos@regalosgourmet.cl\u00a0<\/b>con el nombre de los productos, y los requisitos de personalizaci\u00f3n que requieres, tales como logo, tipo de caja, cinta de g\u00e9nero, color, tarjetas, etc..o bien puedes enviarnos\u00a0tu presupuesto y cantidades y nosotros prepararemos alternativas para ti.<\/p>\n<p>&nbsp;<\/p>\n","protected":false},"excerpt":{"rendered":"<p>Somos una empresa dedicada a entregar las mejores alternativas de\u00a0Regalos Gourmet personalizados\u00a0a nuestros clientes. Los puedes encontrar en las categor\u00edas\u00a0&#8220;Cajas y Canastas\u201d,\u00a0 listos para regalar, pero tambi\u00e9n puedes ver nuestra secci\u00f3n de\u00a0\u201cProductos&#8221;\u00a0y puedes seleccionar y armar tu propio regalo corporativo. En esta seccion puedes encontrar las lineas de &#8221; Accesorios, Aceites y vinagres, Caf\u00e9, t\u00e9 [&hellip;]<\/p>\n","protected":false},"author":2,"featured_media":0,"parent":0,"menu_order":0,"comment_status":"closed","ping_status":"closed","template":"","meta":{"_joinchat":[],"footnotes":""},"class_list":["post-16","page","type-page","status-publish","hentry"],"_links":{"self":[{"href":"https:\/\/www.regalosgourmet.cl\/cl\/wp-json\/wp\/v2\/pages\/16","targetHints":{"allow":["GET"]}}],"collection":[{"href":"https:\/\/www.regalosgourmet.cl\/cl\/wp-json\/wp\/v2\/pages"}],"about":[{"href":"https:\/\/www.regalosgourmet.cl\/cl\/wp-json\/wp\/v2\/types\/page"}],"author":[{"embeddable":true,"href":"https:\/\/www.regalosgourmet.cl\/cl\/wp-json\/wp\/v2\/users\/2"}],"replies":[{"embeddable":true,"href":"https:\/\/www.regalosgourmet.cl\/cl\/wp-json\/wp\/v2\/comments?post=16"}],"version-history":[{"count":11,"href":"https:\/\/www.regalosgourmet.cl\/cl\/wp-json\/wp\/v2\/pages\/16\/revisions"}],"predecessor-version":[{"id":977,"href":"https:\/\/www.regalosgourmet.cl\/cl\/wp-json\/wp\/v2\/pages\/16\/revisions\/977"}],"wp:attachment":[{"href":"https:\/\/www.regalosgourmet.cl\/cl\/wp-json\/wp\/v2\/media?parent=16"}],"curies":[{"name":"wp","href":"https:\/\/api.w.org\/{rel}","templated":true}]}}