{"id":157,"date":"2013-09-02T00:25:01","date_gmt":"2013-09-02T00:25:01","guid":{"rendered":"https:\/\/www.regalosgourmet.cl\/cl\/?page_id=157"},"modified":"2025-04-21T13:11:42","modified_gmt":"2025-04-21T16:11:42","slug":"packaging","status":"publish","type":"page","link":"https:\/\/www.regalosgourmet.cl\/cl\/packaging\/","title":{"rendered":"Nuestros Packaging"},"content":{"rendered":"\t\t<div data-elementor-type=\"wp-page\" data-elementor-id=\"157\" class=\"elementor elementor-157\">\n\t\t\t\t<div class=\"elementor-element elementor-element-5cef237c e-flex e-con-boxed e-con e-parent\" data-id=\"5cef237c\" data-element_type=\"container\" data-e-type=\"container\">\n\t\t\t\t\t<div class=\"e-con-inner\">\n\t\t\t\t<div class=\"elementor-element elementor-element-437308e grid-columns-3 grid-columns--tablet2 grid-columns--mobile1 elementor-widget elementor-widget-haru-banner-list\" data-id=\"437308e\" data-element_type=\"widget\" data-e-type=\"widget\" data-widget_type=\"haru-banner-list.default\">\n\t\t\t\t<div class=\"elementor-widget-container\">\n\t\t\t\t\t\n        \t\t        \t<div class=\"haru-banner-list haru-banner-list--grid haru-banner-list--padding\">\n\t        \t\t\n\t    <ul class=\"haru-banner-list__list\">\n  \t\t\t\t<li class=\"grid-item haru-banner-list__item haru-banner-list__hover-style-1\">\n\t\t\t<div class=\"haru-banner-list__item-wrap\">\n\t\t\t\t\t\t\t\t<div class=\"haru-banner-list__image\">\n\t\t\t\t\t<img decoding=\"async\" src=\"https:\/\/www.regalosgourmet.cl\/cl\/wp-content\/uploads\/2022\/01\/14-20201129_205457-scaled.webp\" alt=\"Caja Cart\u00f3n Forrado Premium\">\n\t      \t\t<\/div>\n\t      \t\t<div class=\"haru-banner-list__content\">\n\t              \t<h6 class=\"haru-banner-list__title\">Caja Cart\u00f3n Forrado Premium<span class=\"haru-banner-list__sub-title\"><\/span><\/h6>\n\t              \t\t              \t              \t<\/div>\n\t      \t\t          \t<\/div>\n\t\t<\/li>\n      \t\t\t<li class=\"grid-item haru-banner-list__item haru-banner-list__hover-style-1\">\n\t\t\t<div class=\"haru-banner-list__item-wrap\">\n\t\t\t\t\t\t\t\t<div class=\"haru-banner-list__image\">\n\t\t\t\t\t<img decoding=\"async\" src=\"https:\/\/www.regalosgourmet.cl\/cl\/wp-content\/uploads\/2022\/01\/14-20201129_205457-scaled.webp\" alt=\"Caja Cart\u00f3n Forrado Premium\">\n\t      \t\t<\/div>\n\t      \t\t<div class=\"haru-banner-list__content\">\n\t              \t<h6 class=\"haru-banner-list__title\">Caja Cart\u00f3n Forrado Premium<span class=\"haru-banner-list__sub-title\"><\/span><\/h6>\n\t              \t\t              \t              \t<\/div>\n\t      \t\t          \t<\/div>\n\t\t<\/li>\n      \t\t\t<li class=\"grid-item haru-banner-list__item haru-banner-list__hover-style-1\">\n\t\t\t<div class=\"haru-banner-list__item-wrap\">\n\t\t\t\t\t\t\t\t<div class=\"haru-banner-list__image\">\n\t\t\t\t\t<img decoding=\"async\" src=\"https:\/\/www.regalosgourmet.cl\/cl\/wp-content\/uploads\/2022\/01\/14-20201129_205457-scaled.webp\" alt=\"Caja Cart\u00f3n Forrado Premium\">\n\t      \t\t<\/div>\n\t      \t\t<div class=\"haru-banner-list__content\">\n\t              \t<h6 class=\"haru-banner-list__title\">Caja Cart\u00f3n Forrado Premium<span class=\"haru-banner-list__sub-title\"><\/span><\/h6>\n\t              \t\t              \t              \t<\/div>\n\t      \t\t          \t<\/div>\n\t\t<\/li>\n      \t\t\t<li class=\"grid-item haru-banner-list__item haru-banner-list__hover-style-1\">\n\t\t\t<div class=\"haru-banner-list__item-wrap\">\n\t\t\t\t\t\t\t\t<div class=\"haru-banner-list__image\">\n\t\t\t\t\t<img decoding=\"async\" src=\"https:\/\/www.regalosgourmet.cl\/cl\/wp-content\/uploads\/2022\/01\/14-20201129_205457-scaled.webp\" alt=\"Caja Cart\u00f3n Forrado Premium\">\n\t      \t\t<\/div>\n\t      \t\t<div class=\"haru-banner-list__content\">\n\t              \t<h6 class=\"haru-banner-list__title\">Caja Cart\u00f3n Forrado Premium<span class=\"haru-banner-list__sub-title\"><\/span><\/h6>\n\t              \t\t              \t              \t<\/div>\n\t      \t\t          \t<\/div>\n\t\t<\/li>\n      \t\t\t<li class=\"grid-item haru-banner-list__item haru-banner-list__hover-style-1\">\n\t\t\t<div class=\"haru-banner-list__item-wrap\">\n\t\t\t\t\t\t\t\t<div class=\"haru-banner-list__image\">\n\t\t\t\t\t<img decoding=\"async\" src=\"https:\/\/www.regalosgourmet.cl\/cl\/wp-content\/uploads\/2022\/01\/14-20201129_205457-scaled.webp\" alt=\"Caja Cart\u00f3n Forrado Premium\">\n\t      \t\t<\/div>\n\t      \t\t<div class=\"haru-banner-list__content\">\n\t              \t<h6 class=\"haru-banner-list__title\">Caja Cart\u00f3n Forrado Premium<span class=\"haru-banner-list__sub-title\"><\/span><\/h6>\n\t              \t\t              \t              \t<\/div>\n\t      \t\t          \t<\/div>\n\t\t<\/li>\n      \t\t\t<li class=\"grid-item haru-banner-list__item haru-banner-list__hover-style-1\">\n\t\t\t<div class=\"haru-banner-list__item-wrap\">\n\t\t\t\t\t\t\t\t<div class=\"haru-banner-list__image\">\n\t\t\t\t\t<img decoding=\"async\" src=\"https:\/\/www.regalosgourmet.cl\/cl\/wp-content\/uploads\/2022\/01\/14-20201129_205457-scaled.webp\" alt=\"Caja Cart\u00f3n Forrado Premium\">\n\t      \t\t<\/div>\n\t      \t\t<div class=\"haru-banner-list__content\">\n\t              \t<h6 class=\"haru-banner-list__title\">Caja Cart\u00f3n Forrado Premium<span class=\"haru-banner-list__sub-title\"><\/span><\/h6>\n\t              \t\t              \t              \t<\/div>\n\t      \t\t          \t<\/div>\n\t\t<\/li>\n      \t    <\/ul>\n    \n\t    \t\t<\/div>\n    \t\t\n    \t\t\t\t\t\t<\/div>\n\t\t\t\t<\/div>\n\t\t\t\t<div class=\"elementor-element elementor-element-8d01040 elementor-widget elementor-widget-text-editor\" data-id=\"8d01040\" data-element_type=\"widget\" data-e-type=\"widget\" data-widget_type=\"text-editor.default\">\n\t\t\t\t<div class=\"elementor-widget-container\">\n\t\t\t\t\t\t\t\t\t<p>[vc_row][vc_column width=&#8221;1\/2&#8243;][vc_empty_space][vc_column_text]<\/p><h1><strong>Nuestros packaging<\/strong><\/h1><h4>Sabemos la importancia de una buena presentaci\u00f3n. Todo entra por la mirada y los sentidos!<\/h4><p>[\/vc_column_text][\/vc_column][vc_column width=&#8221;1\/2&#8243;][vc_column_text]<\/p><h3 style=\"text-align: right;\"><span style=\"color: #999999;\"><strong>ELIGE EL PACKAGING IDEAL PARA TUS REGALOS PERSONALIZADOS!<\/strong><\/span><\/h3><p>[\/vc_column_text][\/vc_column][\/vc_row][vc_row][vc_column width=&#8221;1\/3&#8243;][vc_single_image image=&#8221;6871&#8243; img_size=&#8221;full&#8221;][vc_column_text]<\/p><h3>Caja Cart\u00f3n Forrado Premium<\/h3><p>[\/vc_column_text][vc_column_text]Es nuestro packaging m\u00e1s utilizado, nos hemos especializado en las cajas de cart\u00f3n piedra forrado y cartulina dado su elegancia, resistencia y adaptabilidad a la mayor\u00eda de los requerimientos de nuestro cliente.[\/vc_column_text][\/vc_column][vc_column width=&#8221;1\/3&#8243;][vc_single_image image=&#8221;7033&#8243; img_size=&#8221;full&#8221;][vc_column_text]<\/p><h3>Caja con Dise\u00f1os<\/h3><p>[\/vc_column_text][vc_column_text]Nos encanta hacer proyectos personalizados en cajas de cart\u00f3n forrado y cartulina, ya que podemos lograr resultados originales e irrepetibles de la mano de una experiencia de sensaci\u00f3n de calidad alt\u00edsima.[\/vc_column_text][\/vc_column][vc_column width=&#8221;1\/3&#8243;][vc_single_image image=&#8221;7040&#8243; img_size=&#8221;full&#8221;][vc_column_text]<\/p><h3>Caja Madera Standard<\/h3><p>[\/vc_column_text][vc_column_text]La caja por excelencia para vinos, pero que puedes utilizar y armar como a ti te guste. Destaca su resistencia y las posibilidades de tama\u00f1os que esta entrega. La caja estandar est\u00e1 hecha con maderas de Pino o Eucalipto.[\/vc_column_text][\/vc_column][\/vc_row][vc_row][vc_column width=&#8221;1\/3&#8243;][vc_single_image image=&#8221;7035&#8243; img_size=&#8221;full&#8221;][vc_column_text]<\/p><h3>Caja Madera Premium<\/h3><p>[\/vc_column_text][vc_column_text]Este packaging est\u00e1 pensando en la exclusividad, en el m\u00e1ximo detalle y en la calidad. Ciertamente es una caja que encanta a primera vista y todo el que la reciba no querr\u00e1 deshacerse de ella.[\/vc_column_text][\/vc_column][vc_column width=&#8221;1\/3&#8243;][vc_single_image image=&#8221;6875&#8243; img_size=&#8221;full&#8221;][vc_column_text]<\/p><h3>Caja Kraft Armable<\/h3><p>[\/vc_column_text][vc_column_text]Simple, r\u00e1pido y bonito. Es un packaging que combina un costo menor manteniendo una buena impresi\u00f3n. Es muy utilizado para clientes que requieren de pedidos en muy poco tiempo o que buscan aplicar la mayor parte del presupuesto en los productos que lleva adentro![\/vc_column_text][\/vc_column][vc_column width=&#8221;1\/3&#8243;][vc_single_image image=&#8221;7039&#8243; img_size=&#8221;full&#8221;][vc_column_text]<\/p><h3>Caja con Impresi\u00f3n<\/h3><p>[\/vc_column_text][vc_column_text]Una excelente opci\u00f3n para personalizar con todo tus regalos! Existe gran variedad de opciones de materiales de cajas y t\u00e9cnicas de impresi\u00f3n para esto. Generalmente este tipo de packaging tiene m\u00ednimos de producci\u00f3n m\u00e1s altos que otras alternativas.[\/vc_column_text][\/vc_column][\/vc_row][vc_row][vc_column width=&#8221;1\/3&#8243;][vc_single_image image=&#8221;7037&#8243; img_size=&#8221;full&#8221;][vc_column_text]<\/p><h3>Bolsas de Yute<\/h3><p>[\/vc_column_text][vc_column_text]Bolsas 100% plant based, de muy buena est\u00e9tica y son reutilizables! Existen en muchos tama\u00f1os y terminaciones. Adem\u00e1s, podemos agregar logos con serigraf\u00eda en ellas. E<strong>s parte de las <span style=\"color: #85c9b3;\">alternativas sustentables<\/span> que ofrecemos para armar tu regalo.<\/strong> Apta para veganos![\/vc_column_text][\/vc_column][vc_column width=&#8221;1\/3&#8243;][vc_single_image image=&#8221;7034&#8243; img_size=&#8221;full&#8221;][vc_column_text]<\/p><h3>Bolsas G\u00e9nero y Algod\u00f3n<\/h3><p>[\/vc_column_text][\/vc_column][vc_column width=&#8221;1\/3&#8243;][vc_single_image image=&#8221;7038&#8243; img_size=&#8221;full&#8221; css=&#8221;.vc_custom_1604087204180{background-image: url(https:\/\/www.regalosgourmet.cl\/cl\/wp-content\/uploads\/2020\/08\/paper-bag-packhelp-kvb.webp?id=6876) !important;}&#8221;][vc_column_text]<\/p><h3>Bolsas Personalizadas<\/h3><p>[\/vc_column_text][vc_column_text]Bolsas de papel de diferentes tama\u00f1os, colores y terminaciones. Las m\u00e1s utilizadas son las de papel kraft y las de papel blanco o negro. Puedes imprimirlas, poner serigraf\u00eda o simplemente agregar un sticker personalizado![\/vc_column_text][\/vc_column][\/vc_row][vc_row gap=&#8221;35&#8243; equal_height=&#8221;yes&#8221;][vc_column width=&#8221;1\/2&#8243; css=&#8221;.vc_custom_1699367221901{background-image: url(https:\/\/www.regalosgourmet.cl\/cl\/wp-content\/uploads\/2023\/11\/10-20200826_234428-scaled.webp?id=8496) !important;background-position: center !important;background-repeat: no-repeat !important;background-size: cover !important;}&#8221;][vc_empty_space height=&#8221;50&#8243; css=&#8221;.vc_custom_1699367204279{background-position: center !important;background-repeat: no-repeat !important;background-size: cover !important;}&#8221;][vc_column_text]<\/p><h3 style=\"text-align: center;\"><span style=\"color: #ffffff;\"><strong>\u00bfCon cinta de color?<\/strong><\/span><\/h3><p style=\"text-align: center;\"><span style=\"color: #ffffff;\">Muchos clientes eligen agregar una cinta de genero para su regalo.<\/span><\/p><p>[\/vc_column_text][vc_btn title=&#8221;Ver especial <b>&#8220;Cintas&#8220;<\/b>&#8221; style=&#8221;outline&#8221; shape=&#8221;square&#8221; color=&#8221;default&#8221; size=&#8221;lg&#8221; align=&#8221;center&#8221; link=&#8221;url:https%3A%2F%2Fwww.regalosgourmet.cl%2Fcl%2Felige-tus-cintas%2F|title:Elige%20tus%20cintas||&#8221;][\/vc_column][vc_column width=&#8221;1\/2&#8243; css=&#8221;.vc_custom_1699367238100{background-image: url(https:\/\/www.regalosgourmet.cl\/cl\/wp-content\/uploads\/2023\/11\/33-IMG_20211021_114813-jpg.webp?id=8495) !important;background-position: center !important;background-repeat: no-repeat !important;background-size: cover !important;}&#8221;][vc_empty_space height=&#8221;50&#8243;][vc_column_text]<\/p><h3 style=\"text-align: center;\"><span style=\"color: #ffffff;\"><strong>Proyectos Especiales<\/strong><\/span><\/h3><p style=\"text-align: center;\"><span style=\"color: #ffffff;\">Juntos desarrollemos la pr\u00f3xima experiencia y regaloneo para tus colaboradores o clientes!<\/span><\/p><p>[\/vc_column_text][vc_btn title=&#8221;\u00bfTe ayudamos? Escr\u00edbenos a <b>corporativos@regalosgourmet.cl<\/b>&#8221; style=&#8221;outline&#8221; shape=&#8221;square&#8221; color=&#8221;default&#8221; size=&#8221;lg&#8221; align=&#8221;center&#8221; link=&#8221;url:mailto%3Acorporativos%40regalosgourmet.cl|||&#8221;][vc_empty_space height=&#8221;50&#8243;][\/vc_column][\/vc_row]<\/p>\t\t\t\t\t\t\t\t<\/div>\n\t\t\t\t<\/div>\n\t\t\t\t\t<\/div>\n\t\t\t\t<\/div>\n\t\t\t\t<\/div>\n\t\t","protected":false},"excerpt":{"rendered":"<p>Caja Cart\u00f3n Forrado Premium Caja Cart\u00f3n Forrado Premium Caja Cart\u00f3n Forrado Premium Caja Cart\u00f3n Forrado Premium Caja Cart\u00f3n Forrado Premium Caja Cart\u00f3n Forrado Premium [vc_row][vc_column width=&#8221;1\/2&#8243;][vc_empty_space][vc_column_text] Nuestros packaging Sabemos la importancia de una buena presentaci\u00f3n. Todo entra por la mirada y los sentidos! [\/vc_column_text][\/vc_column][vc_column width=&#8221;1\/2&#8243;][vc_column_text] ELIGE EL PACKAGING IDEAL PARA TUS REGALOS PERSONALIZADOS! [\/vc_column_text][\/vc_column][\/vc_row][vc_row][vc_column width=&#8221;1\/3&#8243;][vc_single_image [&hellip;]<\/p>\n","protected":false},"author":2,"featured_media":0,"parent":0,"menu_order":0,"comment_status":"closed","ping_status":"closed","template":"","meta":{"_joinchat":[],"footnotes":""},"class_list":["post-157","page","type-page","status-publish","hentry"],"_links":{"self":[{"href":"https:\/\/www.regalosgourmet.cl\/cl\/wp-json\/wp\/v2\/pages\/157","targetHints":{"allow":["GET"]}}],"collection":[{"href":"https:\/\/www.regalosgourmet.cl\/cl\/wp-json\/wp\/v2\/pages"}],"about":[{"href":"https:\/\/www.regalosgourmet.cl\/cl\/wp-json\/wp\/v2\/types\/page"}],"author":[{"embeddable":true,"href":"https:\/\/www.regalosgourmet.cl\/cl\/wp-json\/wp\/v2\/users\/2"}],"replies":[{"embeddable":true,"href":"https:\/\/www.regalosgourmet.cl\/cl\/wp-json\/wp\/v2\/comments?post=157"}],"version-history":[{"count":53,"href":"https:\/\/www.regalosgourmet.cl\/cl\/wp-json\/wp\/v2\/pages\/157\/revisions"}],"predecessor-version":[{"id":13146,"href":"https:\/\/www.regalosgourmet.cl\/cl\/wp-json\/wp\/v2\/pages\/157\/revisions\/13146"}],"wp:attachment":[{"href":"https:\/\/www.regalosgourmet.cl\/cl\/wp-json\/wp\/v2\/media?parent=157"}],"curies":[{"name":"wp","href":"https:\/\/api.w.org\/{rel}","templated":true}]}}