{"id":11464,"date":"2022-09-26T08:06:05","date_gmt":"2022-09-26T08:06:05","guid":{"rendered":"https:\/\/teespace.harutheme.com\/agency\/?page_id=7691"},"modified":"2026-01-05T12:53:04","modified_gmt":"2026-01-05T15:53:04","slug":"contacto","status":"publish","type":"page","link":"https:\/\/www.regalosgourmet.cl\/cl\/contacto\/","title":{"rendered":"Contacto"},"content":{"rendered":"\t\t<div data-elementor-type=\"wp-page\" data-elementor-id=\"11464\" class=\"elementor elementor-11464\">\n\t\t\t\t<div class=\"elementor-element elementor-element-3e51c9b e-flex e-con-boxed e-con e-parent\" data-id=\"3e51c9b\" data-element_type=\"container\" data-e-type=\"container\">\n\t\t\t\t\t<div class=\"e-con-inner\">\n\t\t<div class=\"elementor-element elementor-element-0a37446 e-con-full e-flex e-con e-child\" data-id=\"0a37446\" data-element_type=\"container\" data-e-type=\"container\">\n\t\t\t\t<div class=\"elementor-element elementor-element-dc7af7d elementor-widget elementor-widget-haru-heading\" data-id=\"dc7af7d\" data-element_type=\"widget\" data-e-type=\"widget\" data-widget_type=\"haru-heading.default\">\n\t\t\t\t<div class=\"elementor-widget-container\">\n\t\t\t\t\t<h2 class=\"haru-heading-title haru-heading-title--heading-5\">Nuestro equipo te espera!<\/h2>\t\t\t\t<\/div>\n\t\t\t\t<\/div>\n\t\t\t\t<div class=\"elementor-element elementor-element-a610294 elementor-widget elementor-widget-haru-heading\" data-id=\"a610294\" data-element_type=\"widget\" data-e-type=\"widget\" data-widget_type=\"haru-heading.default\">\n\t\t\t\t<div class=\"elementor-widget-container\">\n\t\t\t\t\t<h2 class=\"haru-heading-title haru-heading-title--description-2\">En RegalosGourmet.cl parte de TGF, nos encanta poder responder todas tus preguntas y comentarios que tengas. Env\u00edanos un email y nuestro equipo te responder\u00e1 lo m\u00e1s r\u00e1pido posible.<\/h2>\t\t\t\t<\/div>\n\t\t\t\t<\/div>\n\t\t<div class=\"elementor-element elementor-element-59c7685 e-con-full e-flex e-con e-child\" data-id=\"59c7685\" data-element_type=\"container\" data-e-type=\"container\">\n\t\t<div class=\"elementor-element elementor-element-cd27b6a e-con-full e-flex e-con e-child\" data-id=\"cd27b6a\" data-element_type=\"container\" data-e-type=\"container\">\n\t\t\t\t<div class=\"elementor-element elementor-element-8e16e60 elementor-widget elementor-widget-haru-heading\" data-id=\"8e16e60\" data-element_type=\"widget\" data-e-type=\"widget\" data-widget_type=\"haru-heading.default\">\n\t\t\t\t<div class=\"elementor-widget-container\">\n\t\t\t\t\t<h2 class=\"haru-heading-title haru-heading-title--heading-8\">Direcciones<\/h2>\t\t\t\t<\/div>\n\t\t\t\t<\/div>\n\t\t\t\t<div class=\"elementor-element elementor-element-6d441e5 elementor-widget elementor-widget-haru-contact\" data-id=\"6d441e5\" data-element_type=\"widget\" data-e-type=\"widget\" data-widget_type=\"haru-contact.default\">\n\t\t\t\t<div class=\"elementor-widget-container\">\n\t\t\t\t\t\n        \t\t        \t<div class=\"haru-contact haru-contact--style-4\">\n\t        \t\t\n\n\t<ul>\n\t\t\t\t\t<li>\n\t\t\t\t<div class=\"haru-contact__icon\"><i aria-hidden=\"true\" class=\"fas fa-star\"><\/i><\/div>\n\t\t\t\t<div class=\"haru-contact__content\">\n\t\t\t\t\t<h6 class=\"haru-contact__title\">Title #1<\/h6>\n\t\t\t\t\t<div class=\"haru-contact__desc\"><b>OFICINA Y SHOWROOM Las Condes. (Agendar visita)<\/br>\n<\/b>\nAv. Chesterton 8150, Las Condes.<\/br>\nLunes a Viernes: 09:30 a 17:00 hrs.<\/div>\n\t\t\t\t<\/div>\n\t\t\t<\/li>\n\t\t\t\t\t<li>\n\t\t\t\t<div class=\"haru-contact__icon\"><i aria-hidden=\"true\" class=\"fas fa-star\"><\/i><\/div>\n\t\t\t\t<div class=\"haru-contact__content\">\n\t\t\t\t\t<h6 class=\"haru-contact__title\">Title #1<\/h6>\n\t\t\t\t\t<div class=\"haru-contact__desc\"><b>Casa Matriz Vitacura<\/b>\n<\/br>(Sin atenci\u00f3n a p\u00fablico)<\/br>\nCalle Antuco S\/N, Vitacura.<\/div>\n\t\t\t\t<\/div>\n\t\t\t<\/li>\n\t\t\t<\/ul>\n\t    \t\t<\/div>\n    \t\t\n    \t\t\t\t\t\t<\/div>\n\t\t\t\t<\/div>\n\t\t\t\t<\/div>\n\t\t<div class=\"elementor-element elementor-element-0ac67bf e-con-full e-flex e-con e-child\" data-id=\"0ac67bf\" data-element_type=\"container\" data-e-type=\"container\">\n\t\t\t\t<div class=\"elementor-element elementor-element-fa9c111 elementor-widget elementor-widget-haru-heading\" data-id=\"fa9c111\" data-element_type=\"widget\" data-e-type=\"widget\" data-widget_type=\"haru-heading.default\">\n\t\t\t\t<div class=\"elementor-widget-container\">\n\t\t\t\t\t<h2 class=\"haru-heading-title haru-heading-title--heading-8\">Contacto<\/h2>\t\t\t\t<\/div>\n\t\t\t\t<\/div>\n\t\t\t\t<div class=\"elementor-element elementor-element-f0e49e3 elementor-widget elementor-widget-haru-contact\" data-id=\"f0e49e3\" data-element_type=\"widget\" data-e-type=\"widget\" data-widget_type=\"haru-contact.default\">\n\t\t\t\t<div class=\"elementor-widget-container\">\n\t\t\t\t\t\n        \t\t        \t<div class=\"haru-contact haru-contact--style-4\">\n\t        \t\t\n\n\t<ul>\n\t\t\t\t\t<li>\n\t\t\t\t<div class=\"haru-contact__icon\"><i aria-hidden=\"true\" class=\"fas fa-star\"><\/i><\/div>\n\t\t\t\t<div class=\"haru-contact__content\">\n\t\t\t\t\t<h6 class=\"haru-contact__title\">Atenci\u00f3n al Cliente Whatsapp<\/h6>\n\t\t\t\t\t<div class=\"haru-contact__desc\">Atenci\u00f3n al Cliente Whatsapp: <br>\n+569 <strong>3595 5054<\/strong><\/div>\n\t\t\t\t<\/div>\n\t\t\t<\/li>\n\t\t\t\t\t<li>\n\t\t\t\t<div class=\"haru-contact__icon\"><i aria-hidden=\"true\" class=\"fas fa-star\"><\/i><\/div>\n\t\t\t\t<div class=\"haru-contact__content\">\n\t\t\t\t\t<h6 class=\"haru-contact__title\">Email<\/h6>\n\t\t\t\t\t<div class=\"haru-contact__desc\">E-mail: <b>hola@regalosgourmet.cl<\/b><\/div>\n\t\t\t\t<\/div>\n\t\t\t<\/li>\n\t\t\t<\/ul>\n\t    \t\t<\/div>\n    \t\t\n    \t\t\t\t\t\t<\/div>\n\t\t\t\t<\/div>\n\t\t\t\t<\/div>\n\t\t\t\t<\/div>\n\t\t\t\t<\/div>\n\t\t<div class=\"elementor-element elementor-element-746c9a8 e-con-full e-flex e-con e-child\" data-id=\"746c9a8\" data-element_type=\"container\" data-e-type=\"container\">\n\t\t\t\t<div class=\"elementor-element elementor-element-d38f9e5 elementor-widget elementor-widget-haru-heading\" data-id=\"d38f9e5\" data-element_type=\"widget\" data-e-type=\"widget\" data-widget_type=\"haru-heading.default\">\n\t\t\t\t<div class=\"elementor-widget-container\">\n\t\t\t\t\t<h2 class=\"haru-heading-title haru-heading-title--heading-5\">D\u00e9janos un mensaje<\/h2>\t\t\t\t<\/div>\n\t\t\t\t<\/div>\n\t\t\t\t<div class=\"elementor-element elementor-element-4f6043e elementor-widget elementor-widget-shortcode\" data-id=\"4f6043e\" data-element_type=\"widget\" data-e-type=\"widget\" data-widget_type=\"shortcode.default\">\n\t\t\t\t<div class=\"elementor-widget-container\">\n\t\t\t\t\t\t\t<div class=\"elementor-shortcode\">[contact-form-7 id=\"7673\" title=\"Contact Form\"]<\/div>\n\t\t\t\t\t\t<\/div>\n\t\t\t\t<\/div>\n\t\t\t\t<\/div>\n\t\t\t\t\t<\/div>\n\t\t\t\t<\/div>\n\t\t<div class=\"elementor-element elementor-element-5df81d6 e-flex e-con-boxed e-con e-parent\" data-id=\"5df81d6\" data-element_type=\"container\" data-e-type=\"container\">\n\t\t\t\t\t<div class=\"e-con-inner\">\n\t\t<div class=\"elementor-element elementor-element-66911fc e-con-full e-flex e-con e-child\" data-id=\"66911fc\" data-element_type=\"container\" data-e-type=\"container\">\n\t\t\t\t<div class=\"elementor-element elementor-element-ca41e51 elementor-widget elementor-widget-haru-google-maps\" data-id=\"ca41e51\" data-element_type=\"widget\" data-e-type=\"widget\" data-widget_type=\"haru-google-maps.default\">\n\t\t\t\t<div class=\"elementor-widget-container\">\n\t\t\t\t\t\n                            <div class=\"haru-google-maps haru-google-maps--style-1\">\n                                        <div class=\"haru-custom-embed\">\n                        <iframe src=\"https:\/\/maps.google.com\/maps?q=chesterton%208150%2C%20las%20condes&amp;t=m&amp;z=15&amp;output=embed&amp;iwloc=near\" title=\"%3$s\" aria-label=\"%3$s\"><\/iframe>\n                    <\/div>\n                <\/div>\n            \n            \t\t\t\t<\/div>\n\t\t\t\t<\/div>\n\t\t\t\t<\/div>\n\t\t\t\t\t<\/div>\n\t\t\t\t<\/div>\n\t\t\t\t<\/div>\n\t\t","protected":false},"excerpt":{"rendered":"<p>Nuestro equipo te espera! En RegalosGourmet.cl parte de TGF, nos encanta poder responder todas tus preguntas y comentarios que tengas. Env\u00edanos un email y nuestro equipo te responder\u00e1 lo m\u00e1s r\u00e1pido posible. Direcciones Title #1 OFICINA Y SHOWROOM Las Condes. (Agendar visita) Av. Chesterton 8150, Las Condes. Lunes a Viernes: 09:30 a 17:00 hrs. Title [&hellip;]<\/p>\n","protected":false},"author":2,"featured_media":0,"parent":0,"menu_order":0,"comment_status":"closed","ping_status":"closed","template":"","meta":{"_joinchat":[],"footnotes":""},"class_list":["post-11464","page","type-page","status-publish","hentry"],"_links":{"self":[{"href":"https:\/\/www.regalosgourmet.cl\/cl\/wp-json\/wp\/v2\/pages\/11464","targetHints":{"allow":["GET"]}}],"collection":[{"href":"https:\/\/www.regalosgourmet.cl\/cl\/wp-json\/wp\/v2\/pages"}],"about":[{"href":"https:\/\/www.regalosgourmet.cl\/cl\/wp-json\/wp\/v2\/types\/page"}],"author":[{"embeddable":true,"href":"https:\/\/www.regalosgourmet.cl\/cl\/wp-json\/wp\/v2\/users\/2"}],"replies":[{"embeddable":true,"href":"https:\/\/www.regalosgourmet.cl\/cl\/wp-json\/wp\/v2\/comments?post=11464"}],"version-history":[{"count":28,"href":"https:\/\/www.regalosgourmet.cl\/cl\/wp-json\/wp\/v2\/pages\/11464\/revisions"}],"predecessor-version":[{"id":13940,"href":"https:\/\/www.regalosgourmet.cl\/cl\/wp-json\/wp\/v2\/pages\/11464\/revisions\/13940"}],"wp:attachment":[{"href":"https:\/\/www.regalosgourmet.cl\/cl\/wp-json\/wp\/v2\/media?parent=11464"}],"curies":[{"name":"wp","href":"https:\/\/api.w.org\/{rel}","templated":true}]}}